{"id":562,"date":"2022-11-17T01:36:58","date_gmt":"2022-11-17T02:36:58","guid":{"rendered":"https:\/\/bioazorica.pt\/produto\/abobora-chila-local-kg\/"},"modified":"2024-01-18T11:22:13","modified_gmt":"2024-01-18T12:22:13","slug":"abobora-chila-local-kg","status":"publish","type":"product","link":"https:\/\/bioazorica.pt\/en\/product\/abobora-chila-local-kg\/","title":{"rendered":"Ab\u00f3bora Chila Local Kg"},"content":{"rendered":"<p>Este \u00e9 um teste de uma descri\u00e7\u00e3o longa&#8230;<\/p>\n<p>A ab\u00f3bora-chila (tamb\u00e9m conhecida como chila-caiota, gila-caiota ou simplesmente gila ou chila) \u00e9 uma planta da fam\u00edlia das cucurbit\u00e1ceas, com polpa utilizada para fazer doces.<\/p>\n<p>Esta ab\u00f3bora exteriormente \u00e9 verde com manchas brancas e o interior cont\u00eam uma polpa branca e bastante fibrosa, utilizada para fazer doces e sobremesas. As sementes s\u00e3o pretas e o fruto quando maduro tem a casca bastante dura, podendo pesar de 1 a 4 kg.<\/p>\n<p>Para pessoas leigas pode ser confundida facilmente com algumas variedades de melancia.<\/p>","protected":false},"excerpt":{"rendered":"<p>Este \u00e9 um teste de uma breve descri\u00e7\u00e3o no produto<\/p>","protected":false},"featured_media":563,"comment_status":"closed","ping_status":"closed","template":"","meta":[],"product_cat":[26],"product_tag":[],"class_list":["post-562","product","type-product","status-publish","has-post-thumbnail","hentry","product_cat-horticolas","pa_unidade-kg"],"acf":[],"_links":{"self":[{"href":"https:\/\/bioazorica.pt\/en\/wp-json\/wp\/v2\/product\/562","targetHints":{"allow":["GET"]}}],"collection":[{"href":"https:\/\/bioazorica.pt\/en\/wp-json\/wp\/v2\/product"}],"about":[{"href":"https:\/\/bioazorica.pt\/en\/wp-json\/wp\/v2\/types\/product"}],"replies":[{"embeddable":true,"href":"https:\/\/bioazorica.pt\/en\/wp-json\/wp\/v2\/comments?post=562"}],"wp:featuredmedia":[{"embeddable":true,"href":"https:\/\/bioazorica.pt\/en\/wp-json\/wp\/v2\/media\/563"}],"wp:attachment":[{"href":"https:\/\/bioazorica.pt\/en\/wp-json\/wp\/v2\/media?parent=562"}],"wp:term":[{"taxonomy":"product_cat","embeddable":true,"href":"https:\/\/bioazorica.pt\/en\/wp-json\/wp\/v2\/product_cat?post=562"},{"taxonomy":"product_tag","embeddable":true,"href":"https:\/\/bioazorica.pt\/en\/wp-json\/wp\/v2\/product_tag?post=562"}],"curies":[{"name":"wp","href":"https:\/\/api.w.org\/{rel}","templated":true}]}}