{"id":1949,"date":"2022-11-17T01:45:07","date_gmt":"2022-11-17T02:45:07","guid":{"rendered":"https:\/\/bioazorica.pt\/produto\/cafe-descafeinado-puro-arabica-moido-250g\/"},"modified":"2022-11-17T01:45:13","modified_gmt":"2022-11-17T02:45:13","slug":"cafe-descafeinado-puro-arabica-moido-250g","status":"publish","type":"product","link":"https:\/\/bioazorica.pt\/en\/product\/cafe-descafeinado-puro-arabica-moido-250g\/","title":{"rendered":"Caf\u00e9 descafeinado puro ar\u00e1bica mo\u00eddo 250g"},"content":{"rendered":"","protected":false},"excerpt":{"rendered":"","protected":false},"featured_media":0,"comment_status":"closed","ping_status":"open","template":"","meta":[],"product_cat":[27],"product_tag":[],"class_list":["post-1949","product","type-product","status-publish","hentry","product_cat-mercearia-diversos","pa_unidade-uni"],"acf":[],"_links":{"self":[{"href":"https:\/\/bioazorica.pt\/en\/wp-json\/wp\/v2\/product\/1949","targetHints":{"allow":["GET"]}}],"collection":[{"href":"https:\/\/bioazorica.pt\/en\/wp-json\/wp\/v2\/product"}],"about":[{"href":"https:\/\/bioazorica.pt\/en\/wp-json\/wp\/v2\/types\/product"}],"replies":[{"embeddable":true,"href":"https:\/\/bioazorica.pt\/en\/wp-json\/wp\/v2\/comments?post=1949"}],"wp:attachment":[{"href":"https:\/\/bioazorica.pt\/en\/wp-json\/wp\/v2\/media?parent=1949"}],"wp:term":[{"taxonomy":"product_cat","embeddable":true,"href":"https:\/\/bioazorica.pt\/en\/wp-json\/wp\/v2\/product_cat?post=1949"},{"taxonomy":"product_tag","embeddable":true,"href":"https:\/\/bioazorica.pt\/en\/wp-json\/wp\/v2\/product_tag?post=1949"}],"curies":[{"name":"wp","href":"https:\/\/api.w.org\/{rel}","templated":true}]}}