{"id":1918,"date":"2022-11-17T01:45:07","date_gmt":"2022-11-17T02:45:07","guid":{"rendered":"https:\/\/bioazorica.pt\/produto\/menu-prato-do-dia-operador-turistico\/"},"modified":"2022-11-17T01:45:11","modified_gmt":"2022-11-17T02:45:11","slug":"menu-prato-do-dia-operador-turistico","status":"publish","type":"product","link":"https:\/\/bioazorica.pt\/en\/product\/menu-prato-do-dia-operador-turistico\/","title":{"rendered":"Menu Prato do Dia &#8211; Operador Tur\u00edstico"},"content":{"rendered":"<p>(Sopa, prato do dia, bebida \u00e0 escolha, sobremesa e caf\u00e9)<\/p>","protected":false},"excerpt":{"rendered":"<p>(Sopa, prato do dia, bebida \u00e0 escolha, sobremesa e caf\u00e9)<\/p>","protected":false},"featured_media":0,"comment_status":"closed","ping_status":"open","template":"","meta":[],"product_cat":[21],"product_tag":[],"class_list":["post-1918","product","type-product","status-publish","hentry","product_cat-cafetaria-e-bar","pa_unidade-uni"],"acf":[],"_links":{"self":[{"href":"https:\/\/bioazorica.pt\/en\/wp-json\/wp\/v2\/product\/1918","targetHints":{"allow":["GET"]}}],"collection":[{"href":"https:\/\/bioazorica.pt\/en\/wp-json\/wp\/v2\/product"}],"about":[{"href":"https:\/\/bioazorica.pt\/en\/wp-json\/wp\/v2\/types\/product"}],"replies":[{"embeddable":true,"href":"https:\/\/bioazorica.pt\/en\/wp-json\/wp\/v2\/comments?post=1918"}],"wp:attachment":[{"href":"https:\/\/bioazorica.pt\/en\/wp-json\/wp\/v2\/media?parent=1918"}],"wp:term":[{"taxonomy":"product_cat","embeddable":true,"href":"https:\/\/bioazorica.pt\/en\/wp-json\/wp\/v2\/product_cat?post=1918"},{"taxonomy":"product_tag","embeddable":true,"href":"https:\/\/bioazorica.pt\/en\/wp-json\/wp\/v2\/product_tag?post=1918"}],"curies":[{"name":"wp","href":"https:\/\/api.w.org\/{rel}","templated":true}]}}