{"id":1838,"date":"2022-11-17T01:44:55","date_gmt":"2022-11-17T02:44:55","guid":{"rendered":"https:\/\/bioazorica.pt\/produto\/menu-prato-do-dia\/"},"modified":"2022-11-17T01:45:00","modified_gmt":"2022-11-17T02:45:00","slug":"menu-prato-do-dia","status":"publish","type":"product","link":"https:\/\/bioazorica.pt\/en\/product\/menu-prato-do-dia\/","title":{"rendered":"Menu Prato do Dia"},"content":{"rendered":"<p>INCLUI: Sopa, prato do dia, ice tea, sobremesa e caf\u00e9.<br \/>\n(Tudo o resto \u00e9 pago \u00e0 parte).<\/p>","protected":false},"excerpt":{"rendered":"<p>INCLUI: Sopa, prato do dia, ice tea, sobremesa e caf\u00e9. (Tudo o resto \u00e9 pago \u00e0 parte).<\/p>","protected":false},"featured_media":0,"comment_status":"closed","ping_status":"open","template":"","meta":[],"product_cat":[21],"product_tag":[],"class_list":["post-1838","product","type-product","status-publish","hentry","product_cat-cafetaria-e-bar","pa_unidade-uni"],"acf":[],"_links":{"self":[{"href":"https:\/\/bioazorica.pt\/en\/wp-json\/wp\/v2\/product\/1838","targetHints":{"allow":["GET"]}}],"collection":[{"href":"https:\/\/bioazorica.pt\/en\/wp-json\/wp\/v2\/product"}],"about":[{"href":"https:\/\/bioazorica.pt\/en\/wp-json\/wp\/v2\/types\/product"}],"replies":[{"embeddable":true,"href":"https:\/\/bioazorica.pt\/en\/wp-json\/wp\/v2\/comments?post=1838"}],"wp:attachment":[{"href":"https:\/\/bioazorica.pt\/en\/wp-json\/wp\/v2\/media?parent=1838"}],"wp:term":[{"taxonomy":"product_cat","embeddable":true,"href":"https:\/\/bioazorica.pt\/en\/wp-json\/wp\/v2\/product_cat?post=1838"},{"taxonomy":"product_tag","embeddable":true,"href":"https:\/\/bioazorica.pt\/en\/wp-json\/wp\/v2\/product_tag?post=1838"}],"curies":[{"name":"wp","href":"https:\/\/api.w.org\/{rel}","templated":true}]}}