{"id":1814,"date":"2022-11-17T01:44:55","date_gmt":"2022-11-17T02:44:55","guid":{"rendered":"https:\/\/bioazorica.pt\/produto\/servico-restauracao-self-service\/"},"modified":"2022-11-17T01:44:58","modified_gmt":"2022-11-17T02:44:58","slug":"servico-restauracao-self-service","status":"publish","type":"product","link":"https:\/\/bioazorica.pt\/en\/product\/servico-restauracao-self-service\/","title":{"rendered":"Servi\u00e7o restaura\u00e7\u00e3o self-service"},"content":{"rendered":"<p>0 aos 5 anos &#8211; n\u00e3o paga<br \/>\n6 aos 10 anos &#8211; paga 50%<br \/>\na partir de 11 anos &#8211; paga 100%<\/p>","protected":false},"excerpt":{"rendered":"<p>0 aos 5 anos &#8211; n\u00e3o paga 6 aos 10 anos &#8211; paga 50% a partir de 11 anos &#8211; paga 100%<\/p>","protected":false},"featured_media":0,"comment_status":"closed","ping_status":"open","template":"","meta":[],"product_cat":[21],"product_tag":[],"class_list":["post-1814","product","type-product","status-publish","hentry","product_cat-cafetaria-e-bar","pa_unidade-uni"],"acf":[],"_links":{"self":[{"href":"https:\/\/bioazorica.pt\/en\/wp-json\/wp\/v2\/product\/1814","targetHints":{"allow":["GET"]}}],"collection":[{"href":"https:\/\/bioazorica.pt\/en\/wp-json\/wp\/v2\/product"}],"about":[{"href":"https:\/\/bioazorica.pt\/en\/wp-json\/wp\/v2\/types\/product"}],"replies":[{"embeddable":true,"href":"https:\/\/bioazorica.pt\/en\/wp-json\/wp\/v2\/comments?post=1814"}],"wp:attachment":[{"href":"https:\/\/bioazorica.pt\/en\/wp-json\/wp\/v2\/media?parent=1814"}],"wp:term":[{"taxonomy":"product_cat","embeddable":true,"href":"https:\/\/bioazorica.pt\/en\/wp-json\/wp\/v2\/product_cat?post=1814"},{"taxonomy":"product_tag","embeddable":true,"href":"https:\/\/bioazorica.pt\/en\/wp-json\/wp\/v2\/product_tag?post=1814"}],"curies":[{"name":"wp","href":"https:\/\/api.w.org\/{rel}","templated":true}]}}