{"id":1347,"date":"2022-11-17T01:42:20","date_gmt":"2022-11-17T02:42:20","guid":{"rendered":"https:\/\/bioazorica.pt\/produto\/capsulas-cafe-biologico-torrie-emb-10-unidades-maq-nespresso\/"},"modified":"2022-11-17T01:42:35","modified_gmt":"2022-11-17T02:42:35","slug":"capsulas-cafe-biologico-torrie-emb-10-unidades-maq-nespresso","status":"publish","type":"product","link":"https:\/\/bioazorica.pt\/en\/product\/capsulas-cafe-biologico-torrie-emb-10-unidades-maq-nespresso\/","title":{"rendered":"C\u00e1psulas Caf\u00e9 Biol\u00f3gico Torri\u00e9 Emb. 10 Unidades (Maq. Nespresso)"},"content":{"rendered":"","protected":false},"excerpt":{"rendered":"","protected":false},"featured_media":1348,"comment_status":"closed","ping_status":"open","template":"","meta":[],"product_cat":[31],"product_tag":[],"class_list":["post-1347","product","type-product","status-publish","has-post-thumbnail","hentry","product_cat-pequeno-almoco","pa_unidade-uni"],"acf":[],"_links":{"self":[{"href":"https:\/\/bioazorica.pt\/en\/wp-json\/wp\/v2\/product\/1347","targetHints":{"allow":["GET"]}}],"collection":[{"href":"https:\/\/bioazorica.pt\/en\/wp-json\/wp\/v2\/product"}],"about":[{"href":"https:\/\/bioazorica.pt\/en\/wp-json\/wp\/v2\/types\/product"}],"replies":[{"embeddable":true,"href":"https:\/\/bioazorica.pt\/en\/wp-json\/wp\/v2\/comments?post=1347"}],"wp:featuredmedia":[{"embeddable":true,"href":"https:\/\/bioazorica.pt\/en\/wp-json\/wp\/v2\/media\/1348"}],"wp:attachment":[{"href":"https:\/\/bioazorica.pt\/en\/wp-json\/wp\/v2\/media?parent=1347"}],"wp:term":[{"taxonomy":"product_cat","embeddable":true,"href":"https:\/\/bioazorica.pt\/en\/wp-json\/wp\/v2\/product_cat?post=1347"},{"taxonomy":"product_tag","embeddable":true,"href":"https:\/\/bioazorica.pt\/en\/wp-json\/wp\/v2\/product_tag?post=1347"}],"curies":[{"name":"wp","href":"https:\/\/api.w.org\/{rel}","templated":true}]}}