{"id":53,"date":"2022-03-26T10:19:58","date_gmt":"2022-03-26T10:19:58","guid":{"rendered":"https:\/\/impreza47.us-themes.com\/?page_id=53"},"modified":"2023-03-08T16:48:41","modified_gmt":"2023-03-08T17:48:41","slug":"home","status":"publish","type":"page","link":"https:\/\/bioazorica.pt\/en\/","title":{"rendered":"Home"},"content":{"rendered":"<section class=\"l-section wpb_row height_custom color_primary with_img with_video with_vimeo with_shape\"><div class=\"l-section-img\" style=\"background-image: url(https:\/\/bioazorica.pt\/wp-content\/uploads\/2022\/11\/abelha-numa-flor.jpg);background-repeat: no-repeat;\" data-img-width=\"1920\" data-img-height=\"1280\"><\/div><style>@media(max-width:600px){#us_bg_video_z1ea{display:none!important}}<\/style><div class=\"l-section-video\" id=\"us_bg_video_z1ea\"><iframe title=\"Vimeo video player\" src=\"https:\/\/player.vimeo.com\/video\/766021169?autoplay=1&loop=1&muted=1&title=0&byline=0&background=1\" frameborder=\"0\" allow=\"autoplay; fullscreen\" allowfullscreen loading=\"lazy\"><\/iframe><\/div><div class=\"l-section-shape type_wave pos_bottom\" style=\"height:8vmax;color:var(--color-content-primary)\"><svg xmlns=\"http:\/\/www.w3.org\/2000\/svg\" viewbox=\"0 4 64 4\" preserveaspectratio=\"none\" width=\"100%\" height=\"100%\">\r\n\t<path fill=\"currentColor\" d=\"M64 6 C32 0 32 12 0 6 L0 8 L64 8 Z\"\/>\r\n<\/svg><\/div><div class=\"l-section-h i-cf\"><div class=\"g-cols vc_row via_flex valign_top type_default stacking_default\"><div class=\"vc_col-sm-12 wpb_column vc_column_container\"><div class=\"vc_column-inner\"><div class=\"wpb_wrapper\"><h1 class=\"w-text\"><span class=\"w-text-h\"><span class=\"w-text-value\">Agriculture<br \/>\nBiological<\/span><\/span><\/h1><div class=\"wpb_text_column us_custom_a6d9f5b5\"><div class=\"wpb_wrapper\"><p>At the service of Man and Nature!<\/p>\n<\/div><\/div><div class=\"w-separator size_custom\" style=\"height:8vmax\"><\/div><\/div><\/div><\/div><\/div><\/div><\/section><section class=\"l-section wpb_row us_custom_ba559656 height_custom color_primary with_shape\"><div class=\"l-section-shape type_wave pos_bottom\" style=\"height:8vmax;\"><svg xmlns=\"http:\/\/www.w3.org\/2000\/svg\" viewbox=\"0 4 64 4\" preserveaspectratio=\"none\" width=\"100%\" height=\"100%\">\r\n\t<path fill=\"currentColor\" d=\"M64 6 C32 0 32 12 0 6 L0 8 L64 8 Z\"\/>\r\n<\/svg><\/div><div class=\"l-section-h i-cf\"><div class=\"g-cols vc_row via_flex valign_middle type_default reversed\"><div class=\"vc_col-sm-6 wpb_column vc_column_container\"><div class=\"vc_column-inner\"><div class=\"wpb_wrapper\"><div class=\"w-image us_custom_9cf479d2 align_none\"><div class=\"w-image-h\"><img decoding=\"async\" width=\"751\" height=\"1024\" src=\"https:\/\/bioazorica.pt\/wp-content\/uploads\/2022\/11\/vegetais-mesa-tomates-cogumelos-751x1024.jpg\" class=\"attachment-large size-large\" alt=\"\" srcset=\"https:\/\/bioazorica.pt\/wp-content\/uploads\/2022\/11\/vegetais-mesa-tomates-cogumelos-751x1024.jpg 751w, https:\/\/bioazorica.pt\/wp-content\/uploads\/2022\/11\/vegetais-mesa-tomates-cogumelos-220x300.jpg 220w, https:\/\/bioazorica.pt\/wp-content\/uploads\/2022\/11\/vegetais-mesa-tomates-cogumelos-600x818.jpg 600w, https:\/\/bioazorica.pt\/wp-content\/uploads\/2022\/11\/vegetais-mesa-tomates-cogumelos-scaled.jpg 1408w\" sizes=\"(max-width: 751px) 100vw, 751px\" \/><\/div><\/div><\/div><\/div><\/div><div class=\"vc_col-sm-6 wpb_column vc_column_container\"><div class=\"vc_column-inner\"><div class=\"wpb_wrapper\"><div class=\"wpb_text_column us_custom_b9d201a0\"><div class=\"wpb_wrapper\"><h2>What do we have for you?<\/h2>\n<p>The Cooperative of Biological Products C.R.L. BioAz\u00f3rica has several services for its customers, such as the BioCabazes Delivery System throughout Terceira Island, among other services!<\/p>\n<\/div><\/div><\/div><\/div><\/div><\/div><\/div><\/section><section class=\"l-section wpb_row us_custom_ba559656 height_custom with_shape\"><div class=\"l-section-shape type_wave pos_bottom\" style=\"height:8vmax;color:var(--color-content-primary)\"><svg xmlns=\"http:\/\/www.w3.org\/2000\/svg\" viewbox=\"0 4 64 4\" preserveaspectratio=\"none\" width=\"100%\" height=\"100%\">\r\n\t<path fill=\"currentColor\" d=\"M64 6 C32 0 32 12 0 6 L0 8 L64 8 Z\"\/>\r\n<\/svg><\/div><div class=\"l-section-h i-cf\"><div class=\"g-cols vc_row via_flex valign_top type_default stacking_default\"><div class=\"vc_col-sm-12 wpb_column vc_column_container\"><div class=\"vc_column-inner\"><div class=\"wpb_wrapper\"><h2 class=\"w-text us_custom_e66796d2\"><span class=\"w-text-h\"><span class=\"w-text-value\">Lasting Impact<\/span><\/span><\/h2><div class=\"w-separator size_custom\" style=\"height:20px\"><\/div><div class=\"g-cols wpb_row via_flex valign_top type_default stacking_default\"><div class=\"vc_col-sm-3 wpb_column vc_column_container\"><div class=\"vc_column-inner\"><div class=\"wpb_wrapper\"><div class=\"w-iconbox iconpos_top style_circle color_primary align_center\"><div class=\"w-iconbox-icon\" style=\"font-size:3.5rem;\"><i class=\"fal fa-dove\"><\/i><\/div><div class=\"w-iconbox-meta\"><h3 class=\"w-iconbox-title\">We serve<\/h3><div class=\"w-iconbox-text\"><p>the population with the best local organic products<\/p>\n<\/div><\/div><\/div><\/div><\/div><\/div><div class=\"vc_col-sm-3 wpb_column vc_column_container\"><div class=\"vc_column-inner\"><div class=\"wpb_wrapper\"><div class=\"w-iconbox iconpos_top style_circle color_primary align_center\"><div class=\"w-iconbox-icon\" style=\"font-size:3.5rem;\"><i class=\"fal fa-fist-raised\"><\/i><\/div><div class=\"w-iconbox-meta\"><h3 class=\"w-iconbox-title\">We support<\/h3><div class=\"w-iconbox-text\"><p>local farmers to bring you the freshest produce<\/p>\n<\/div><\/div><\/div><\/div><\/div><\/div><div class=\"vc_col-sm-3 wpb_column vc_column_container\"><div class=\"vc_column-inner\"><div class=\"wpb_wrapper\"><div class=\"w-iconbox iconpos_top style_circle color_primary align_center\"><div class=\"w-iconbox-icon\" style=\"font-size:3.5rem;\"><i class=\"fal fa-person-sign\"><\/i><\/div><div class=\"w-iconbox-meta\"><h3 class=\"w-iconbox-title\">We work<\/h3><div class=\"w-iconbox-text\"><p>to be able to constantly improve and maintain our commitment<\/p>\n<\/div><\/div><\/div><\/div><\/div><\/div><div class=\"vc_col-sm-3 wpb_column vc_column_container\"><div class=\"vc_column-inner\"><div class=\"wpb_wrapper\"><div class=\"w-iconbox iconpos_top style_circle color_primary align_center\"><div class=\"w-iconbox-icon\" style=\"font-size:3.5rem;\"><i class=\"fal fa-handshake\"><\/i><\/div><div class=\"w-iconbox-meta\"><h3 class=\"w-iconbox-title\">We respect<\/h3><div class=\"w-iconbox-text\"><p>all our partners, suppliers and customers<\/p>\n<\/div><\/div><\/div><\/div><\/div><\/div><\/div><\/div><\/div><\/div><\/div><\/div><\/section><section class=\"l-section wpb_row us_custom_ba559656 height_custom color_primary with_shape\"><div class=\"l-section-shape type_wave pos_bottom\" style=\"height:8vmax;\"><svg xmlns=\"http:\/\/www.w3.org\/2000\/svg\" viewbox=\"0 4 64 4\" preserveaspectratio=\"none\" width=\"100%\" height=\"100%\">\r\n\t<path fill=\"currentColor\" d=\"M64 6 C32 0 32 12 0 6 L0 8 L64 8 Z\"\/>\r\n<\/svg><\/div><div class=\"l-section-h i-cf\"><div class=\"g-cols vc_row via_flex valign_top type_default stacking_default\"><div class=\"vc_col-sm-4 wpb_column vc_column_container\"><div class=\"vc_column-inner\"><div class=\"wpb_wrapper\"><div class=\"wpb_text_column us_custom_d7b146dc\"><div class=\"wpb_wrapper\"><h2>Activities<\/h2>\n<p>The Cooperative of Biological Products C.R.L. BioAz\u00f3rica performs several activities every year. Examples of these same activities are the already famous \u201cBio Feira\u201d, the Hortas Routes, the traditional \u201cBrunch\u201d at Casa do Jardim, among many other activities.<\/p>\n<\/div><\/div><div class=\"w-separator size_custom\" style=\"height:30px\"><\/div><div class=\"w-btn-wrapper align_none\"><a class=\"w-btn us-btn-style_2\" href=\"https:\/\/bioazorica.pt\/en\/quem-somos\/\"><span class=\"w-btn-label\">About Us<\/span><\/a><\/div><\/div><\/div><\/div><div class=\"vc_col-sm-8 wpb_column vc_column_container\"><div class=\"vc_column-inner\"><div class=\"wpb_wrapper\"><div class=\"g-cols wpb_row via_flex valign_top type_default stacking_default\"><div class=\"vc_col-sm-3\/5 wpb_column vc_column_container\"><div class=\"vc_column-inner\"><div class=\"wpb_wrapper\"><div class=\"w-image us_custom_aeb76a3d align_none\"><div class=\"w-image-h\"><img decoding=\"async\" width=\"1024\" height=\"1024\" src=\"https:\/\/bioazorica.pt\/wp-content\/uploads\/2022\/11\/mercado-biologico-bio-azorica-acores-azores-1024x1024.jpg\" class=\"attachment-large size-large\" alt=\"\" srcset=\"https:\/\/bioazorica.pt\/wp-content\/uploads\/2022\/11\/mercado-biologico-bio-azorica-acores-azores-1024x1024.jpg 1024w, https:\/\/bioazorica.pt\/wp-content\/uploads\/2022\/11\/mercado-biologico-bio-azorica-acores-azores-300x300.jpg 300w, https:\/\/bioazorica.pt\/wp-content\/uploads\/2022\/11\/mercado-biologico-bio-azorica-acores-azores-150x150.jpg 150w, https:\/\/bioazorica.pt\/wp-content\/uploads\/2022\/11\/mercado-biologico-bio-azorica-acores-azores-600x600.jpg 600w, https:\/\/bioazorica.pt\/wp-content\/uploads\/2022\/11\/mercado-biologico-bio-azorica-acores-azores.jpg 1536w\" sizes=\"(max-width: 1024px) 100vw, 1024px\" \/><\/div><\/div><\/div><\/div><\/div><div class=\"vc_col-sm-2\/5 wpb_column vc_column_container\"><div class=\"vc_column-inner\"><div class=\"wpb_wrapper\"><div class=\"w-counter us_custom_48d609ae color_text align_left has_font_size\" data-duration=\"1000\"><div class=\"w-counter-value\"><span class=\"w-counter-value-part type_text\" data-final=\"\"><\/span><span class=\"w-counter-value-part type_number\" data-final=\"2001\">0<\/span><span class=\"w-counter-value-part type_text\" data-final=\"\"><\/span><\/div><div class=\"w-counter-title\" style=\"margin-top:0.5rem;\">Start of Activity<\/div><\/div><div class=\"w-separator size_small\"><\/div><div class=\"w-counter us_custom_48d609ae color_text align_left has_font_size\" data-duration=\"2000\"><div class=\"w-counter-value\"><span class=\"w-counter-value-part type_text\" data-final=\"\"><\/span><span class=\"w-counter-value-part type_number\" data-final=\"17\">0<\/span><span class=\"w-counter-value-part type_text\" data-final=\"\"><\/span><\/div><div class=\"w-counter-title\" style=\"margin-top:0.5rem;\">Founders<\/div><\/div><div class=\"w-separator size_small\"><\/div><div class=\"w-counter us_custom_48d609ae color_text align_left has_font_size\" data-duration=\"1000\"><div class=\"w-counter-value\"><span class=\"w-counter-value-part type_text\" data-final=\"\"><\/span><span class=\"w-counter-value-part type_number\" data-final=\"160\">0<\/span><span class=\"w-counter-value-part type_text\" data-final=\"\"><\/span><\/div><div class=\"w-counter-title\" style=\"margin-top:0.5rem;\">Cooperators<\/div><\/div><\/div><\/div><\/div><\/div><\/div><\/div><\/div><\/div><\/div><\/section><section class=\"l-section wpb_row us_custom_ba559656 height_custom\"><div class=\"l-section-h i-cf\"><div class=\"g-cols vc_row via_flex valign_top type_default stacking_default\"><div class=\"vc_col-sm-12 wpb_column vc_column_container\"><div class=\"vc_column-inner\"><div class=\"wpb_wrapper\"><h2 class=\"w-text us_custom_e66796d2\"><span class=\"w-text-h\"><span class=\"w-text-value\">With everyone's work, change happens<\/span><\/span><\/h2><div class=\"w-separator size_custom\" style=\"height:20px\"><\/div><div class=\"g-cols wpb_row via_flex valign_middle type_default reversed\"><div class=\"vc_col-sm-4 wpb_column vc_column_container\"><div class=\"vc_column-inner\"><div class=\"wpb_wrapper\"><div class=\"wpb_text_column us_custom_929d6977\"><div class=\"wpb_wrapper\"><h3>Who are we?<\/h3>\n<p>Founded in March 2001 by a group of 17 people, Cooperativa Bio Az\u00f3rica \u2013 Produtos de Agricultura Biol\u00f3gica C.R.L. and biodiversity, through the integrated, durable and rational use of natural resources\u201d (Article 3 of the Cooperative Statutes).<\/p>\n<\/div><\/div><div class=\"w-separator size_custom\" style=\"height:30px\"><\/div><div class=\"w-btn-wrapper align_none\"><a class=\"w-btn us-btn-style_1\" href=\"https:\/\/bioazorica.pt\/en\/quem-somos\/\"><span class=\"w-btn-label\">Learn more<\/span><\/a><\/div><\/div><\/div><\/div><div class=\"vc_col-sm-8 wpb_column vc_column_container\"><div class=\"vc_column-inner\"><div class=\"wpb_wrapper\"><div class=\"w-image us_custom_b297c872 align_none\"><div class=\"w-image-h\"><img decoding=\"async\" width=\"960\" height=\"720\" src=\"https:\/\/bioazorica.pt\/wp-content\/uploads\/2022\/11\/mercado-biologico-loja-legumes-acores.jpg\" class=\"attachment-large size-large\" alt=\"\" srcset=\"https:\/\/bioazorica.pt\/wp-content\/uploads\/2022\/11\/mercado-biologico-loja-legumes-acores.jpg 960w, https:\/\/bioazorica.pt\/wp-content\/uploads\/2022\/11\/mercado-biologico-loja-legumes-acores-300x225.jpg 300w, https:\/\/bioazorica.pt\/wp-content\/uploads\/2022\/11\/mercado-biologico-loja-legumes-acores-600x450.jpg 600w\" sizes=\"(max-width: 960px) 100vw, 960px\" \/><\/div><\/div><\/div><\/div><\/div><\/div><\/div><\/div><\/div><\/div><\/div><\/section>","protected":false},"excerpt":{"rendered":"Agricultura Biol\u00f3gicaAo servi\u00e7o do Homem e da Natureza! O que temos para si? A Cooperativa de Produtos Biol\u00f3gicos C.R.L. BioAz\u00f3rica tem para os seus clientes v\u00e1rios servi\u00e7os, como \u00e9 o caso do Sistema de Entrega de BioCabazes por toda a Ilha Terceira, entre outros servi\u00e7os! Impacto DuradouroServimosa popula\u00e7\u00e3o com os melhores produtos biol\u00f3gicos locais Apoiamosos...","protected":false},"author":1,"featured_media":0,"parent":0,"menu_order":0,"comment_status":"closed","ping_status":"closed","template":"","meta":{"footnotes":""},"class_list":["post-53","page","type-page","status-publish","hentry"],"acf":[],"_links":{"self":[{"href":"https:\/\/bioazorica.pt\/en\/wp-json\/wp\/v2\/pages\/53","targetHints":{"allow":["GET"]}}],"collection":[{"href":"https:\/\/bioazorica.pt\/en\/wp-json\/wp\/v2\/pages"}],"about":[{"href":"https:\/\/bioazorica.pt\/en\/wp-json\/wp\/v2\/types\/page"}],"author":[{"embeddable":true,"href":"https:\/\/bioazorica.pt\/en\/wp-json\/wp\/v2\/users\/1"}],"replies":[{"embeddable":true,"href":"https:\/\/bioazorica.pt\/en\/wp-json\/wp\/v2\/comments?post=53"}],"version-history":[{"count":12,"href":"https:\/\/bioazorica.pt\/en\/wp-json\/wp\/v2\/pages\/53\/revisions"}],"predecessor-version":[{"id":2031,"href":"https:\/\/bioazorica.pt\/en\/wp-json\/wp\/v2\/pages\/53\/revisions\/2031"}],"wp:attachment":[{"href":"https:\/\/bioazorica.pt\/en\/wp-json\/wp\/v2\/media?parent=53"}],"curies":[{"name":"wp","href":"https:\/\/api.w.org\/{rel}","templated":true}]}}