{"id":37,"date":"2022-03-25T11:15:43","date_gmt":"2022-03-25T11:15:43","guid":{"rendered":"https:\/\/impreza47.us-themes.com\/?page_id=37"},"modified":"2023-03-08T16:51:03","modified_gmt":"2023-03-08T17:51:03","slug":"atividades","status":"publish","type":"page","link":"https:\/\/bioazorica.pt\/en\/atividades\/","title":{"rendered":"Activities"},"content":{"rendered":"<section class=\"l-section wpb_row height_custom color_primary with_img with_video with_vimeo with_shape\"><div class=\"l-section-img\" style=\"background-image: url(https:\/\/bioazorica.pt\/wp-content\/uploads\/2022\/11\/cenouras-colhidas-apanhadas-terra-cultivo-segurar-agarrar.jpg);background-repeat: no-repeat;\" data-img-width=\"1920\" data-img-height=\"1280\"><\/div><style>@media(max-width:600px){#us_bg_video_n7fc{display:none!important}}<\/style><div class=\"l-section-video\" id=\"us_bg_video_n7fc\"><iframe title=\"Vimeo video player\" src=\"https:\/\/player.vimeo.com\/video\/771757507?autoplay=1&loop=1&muted=1&title=0&byline=0&background=1\" frameborder=\"0\" allow=\"autoplay; fullscreen\" allowfullscreen loading=\"lazy\"><\/iframe><\/div><div class=\"l-section-overlay\" style=\"background:rgba(0,0,0,0.40)\"><\/div><div class=\"l-section-shape type_wave pos_bottom\" style=\"height:8vmax;\"><svg xmlns=\"http:\/\/www.w3.org\/2000\/svg\" viewbox=\"0 4 64 4\" preserveaspectratio=\"none\" width=\"100%\" height=\"100%\">\r\n\t<path fill=\"currentColor\" d=\"M64 6 C32 0 32 12 0 6 L0 8 L64 8 Z\"\/>\r\n<\/svg><\/div><div class=\"l-section-h i-cf\"><div class=\"g-cols vc_row via_flex valign_top type_default stacking_default\"><div class=\"vc_col-sm-12 wpb_column vc_column_container\"><div class=\"vc_column-inner\"><div class=\"wpb_wrapper\"><h1 class=\"w-text us_custom_34aef4c0\"><span class=\"w-text-h\"><span class=\"w-text-value\">Activities<\/span><\/span><\/h1><div class=\"w-separator size_custom\" style=\"height:8vmax\"><\/div><\/div><\/div><\/div><\/div><\/div><\/section><section class=\"l-section wpb_row height_custom\"><div class=\"l-section-h i-cf\"><div class=\"g-cols vc_row via_flex valign_middle type_default stacking_default\"><div class=\"vc_col-sm-12 wpb_column vc_column_container\"><div class=\"vc_column-inner\"><div class=\"wpb_wrapper\"><div class=\"g-cols wpb_row via_flex valign_middle type_default reversed stacking_default\"><div class=\"vc_col-sm-6 wpb_column vc_column_container\"><div class=\"vc_column-inner\"><div class=\"wpb_wrapper\"><div class=\"wpb_text_column\"><div class=\"wpb_wrapper\"><h2>Courses \/ Training<\/h2>\n<p>Cooperativa Bioaz\u00f3rica develops several courses and\/or training courses several times a year related to Organic Agriculture and\/or the Organic Production Method.<\/p>\n<p>As an example, the most frequent course is \u201cIntroduction to Biological Horticulture for small or medium scale\u201d. This course covers aspects such as garden design methods, irrigation water quality, composting, crop rotation, soil fertilization, staking plants in the garden, harvesting in the garden, among others.<\/p>\n<p>Each course or training always includes guided tours.<\/p>\n<\/div><\/div><\/div><\/div><\/div><div class=\"vc_col-sm-6 wpb_column vc_column_container\"><div class=\"vc_column-inner\"><div class=\"wpb_wrapper\"><div class=\"w-image us_custom_9cf479d2 align_none\"><div class=\"w-image-h\"><img decoding=\"async\" width=\"683\" height=\"1024\" src=\"https:\/\/bioazorica.pt\/wp-content\/uploads\/2022\/11\/estufa-cultivo-plantacao-frutos-silvestres-683x1024.jpg\" class=\"attachment-large size-large\" alt=\"\" srcset=\"https:\/\/bioazorica.pt\/wp-content\/uploads\/2022\/11\/estufa-cultivo-plantacao-frutos-silvestres-683x1024.jpg 683w, https:\/\/bioazorica.pt\/wp-content\/uploads\/2022\/11\/estufa-cultivo-plantacao-frutos-silvestres-200x300.jpg 200w, https:\/\/bioazorica.pt\/wp-content\/uploads\/2022\/11\/estufa-cultivo-plantacao-frutos-silvestres-600x900.jpg 600w, https:\/\/bioazorica.pt\/wp-content\/uploads\/2022\/11\/estufa-cultivo-plantacao-frutos-silvestres.jpg 1280w\" sizes=\"(max-width: 683px) 100vw, 683px\" \/><\/div><\/div><\/div><\/div><\/div><\/div><div class=\"w-separator size_custom\" style=\"height:6.5vmax\"><\/div><div class=\"g-cols wpb_row via_flex valign_middle type_default reversed\"><div class=\"vc_col-sm-6 wpb_column vc_column_container\"><div class=\"vc_column-inner\"><div class=\"wpb_wrapper\"><div class=\"w-image us_custom_9cf479d2 align_none\"><div class=\"w-image-h\"><img decoding=\"async\" width=\"1024\" height=\"683\" src=\"https:\/\/bioazorica.pt\/wp-content\/uploads\/2022\/11\/caixa-fruta-legumes-pimentos-couves-1024x683.jpg\" class=\"attachment-large size-large\" alt=\"\" srcset=\"https:\/\/bioazorica.pt\/wp-content\/uploads\/2022\/11\/caixa-fruta-legumes-pimentos-couves-1024x683.jpg 1024w, https:\/\/bioazorica.pt\/wp-content\/uploads\/2022\/11\/caixa-fruta-legumes-pimentos-couves-300x200.jpg 300w, https:\/\/bioazorica.pt\/wp-content\/uploads\/2022\/11\/caixa-fruta-legumes-pimentos-couves-600x400.jpg 600w, https:\/\/bioazorica.pt\/wp-content\/uploads\/2022\/11\/caixa-fruta-legumes-pimentos-couves.jpg 1920w\" sizes=\"(max-width: 1024px) 100vw, 1024px\" \/><\/div><\/div><\/div><\/div><\/div><div class=\"vc_col-sm-6 wpb_column vc_column_container\"><div class=\"vc_column-inner\"><div class=\"wpb_wrapper\"><div class=\"wpb_text_column\"><div class=\"wpb_wrapper\"><h2>Bio Feira<\/h2>\n<p>The Bio Feira, already with 7 editions carried out, has as main purpose the dissemination, promotion and reflection on the organic production method. The importance of Organic Agriculture is promoted through a regional meeting space for producers, distributors and consumers.<\/p>\n<p>In this event we find the exhibition and commercialization of organic products from our land, region and our country, passing through the much-famous restoration and the holding of training such as workshops, bio plenaries and showcookings. Always present is the children's space, the pedagogical farm, moments of animation, among much more.<\/p>\n<\/div><\/div><\/div><\/div><\/div><\/div><div class=\"w-separator size_custom\" style=\"height:6.5vmax\"><\/div><div class=\"g-cols wpb_row via_flex valign_middle type_default reversed stacking_default\"><div class=\"vc_col-sm-6 wpb_column vc_column_container\"><div class=\"vc_column-inner\"><div class=\"wpb_wrapper\"><div class=\"wpb_text_column\"><div class=\"wpb_wrapper\"><h2>Seminars<\/h2>\n<p>The Cooperative of Biological Products BioAz\u00f3rica annually holds seminars open to all interested parties.<\/p>\n<p>These seminars aim to promote, stimulate and debate themes related to Organic Agriculture and\/or organic production methods.<\/p>\n<\/div><\/div><\/div><\/div><\/div><div class=\"vc_col-sm-6 wpb_column vc_column_container\"><div class=\"vc_column-inner\"><div class=\"wpb_wrapper\"><div class=\"w-image us_custom_9cf479d2 align_none\"><div class=\"w-image-h\"><img decoding=\"async\" width=\"683\" height=\"1024\" src=\"https:\/\/bioazorica.pt\/wp-content\/uploads\/2022\/11\/plantar-semear-cuidar-planta-fruto-crescer-683x1024.jpg\" class=\"attachment-large size-large\" alt=\"\" srcset=\"https:\/\/bioazorica.pt\/wp-content\/uploads\/2022\/11\/plantar-semear-cuidar-planta-fruto-crescer-683x1024.jpg 683w, https:\/\/bioazorica.pt\/wp-content\/uploads\/2022\/11\/plantar-semear-cuidar-planta-fruto-crescer-200x300.jpg 200w, https:\/\/bioazorica.pt\/wp-content\/uploads\/2022\/11\/plantar-semear-cuidar-planta-fruto-crescer-600x900.jpg 600w, https:\/\/bioazorica.pt\/wp-content\/uploads\/2022\/11\/plantar-semear-cuidar-planta-fruto-crescer.jpg 1280w\" sizes=\"(max-width: 683px) 100vw, 683px\" \/><\/div><\/div><\/div><\/div><\/div><\/div><\/div><\/div><\/div><\/div><\/div><\/section><section class=\"l-section wpb_row height_custom full_height valign_center color_primary with_img with_video with_vimeo with_shape\"><div class=\"l-section-img\" style=\"background-image: url(https:\/\/bioazorica.pt\/wp-content\/uploads\/2022\/11\/vegetais-mesa-tomates-cogumelos-scaled.jpg);background-repeat: no-repeat;\" data-img-width=\"1408\" data-img-height=\"1920\"><\/div><style>@media(max-width:600px){#us_bg_video_y16c{display:none!important}}<\/style><div class=\"l-section-video\" id=\"us_bg_video_y16c\"><iframe title=\"Vimeo video player\" src=\"https:\/\/player.vimeo.com\/video\/771751778?autoplay=1&loop=1&muted=1&title=0&byline=0&background=1\" frameborder=\"0\" allow=\"autoplay; fullscreen\" allowfullscreen loading=\"lazy\"><\/iframe><\/div><div class=\"l-section-overlay\" style=\"background:rgba(0,0,0,0.40)\"><\/div><div class=\"l-section-shape type_wave pos_top hor_flip\" style=\"height:8vmax;\"><svg xmlns=\"http:\/\/www.w3.org\/2000\/svg\" viewbox=\"0 4 64 4\" preserveaspectratio=\"none\" width=\"100%\" height=\"100%\">\r\n\t<path fill=\"currentColor\" d=\"M64 6 C32 0 32 12 0 6 L0 8 L64 8 Z\"\/>\r\n<\/svg><\/div><div class=\"l-section-shape type_wave pos_bottom\"><svg xmlns=\"http:\/\/www.w3.org\/2000\/svg\" viewbox=\"0 4 64 4\" preserveaspectratio=\"none\" width=\"100%\" height=\"100%\">\r\n\t<path fill=\"currentColor\" d=\"M64 6 C32 0 32 12 0 6 L0 8 L64 8 Z\"\/>\r\n<\/svg><\/div><div class=\"l-section-h i-cf\"><div class=\"g-cols vc_row via_flex valign_top type_default stacking_default\"><div class=\"vc_col-sm-12 wpb_column vc_column_container\"><div class=\"vc_column-inner\"><div class=\"wpb_wrapper\"><div class=\"wpb_text_column us_custom_a6f01ad4\"><div class=\"wpb_wrapper\"><h2>Discover all our products now<\/h2>\n<\/div><\/div><div class=\"w-separator size_custom\" style=\"height:30px\"><\/div><div class=\"w-btn-wrapper align_center\"><a class=\"w-btn us-btn-style_1\" href=\"\/en\/loja\/\"><span class=\"w-btn-label\">Visit Online Shop<\/span><\/a><\/div><\/div><\/div><\/div><\/div><\/div><\/section>","protected":false},"excerpt":{"rendered":"AtividadesCursos \/ Forma\u00e7\u00f5es A Cooperativa Bioaz\u00f3rica desenvolve v\u00e1rias vezes no ano diversos cursos e\/ou forma\u00e7\u00f5es relacionadas com a Agricultura Biol\u00f3gica e\/ou o M\u00e9todo de Produ\u00e7\u00e3o Biol\u00f3gico. Como exemplo, o curso mais frequente \u00e9 o de &#8220;Inicia\u00e7\u00e3o \u00e0 Horticultura Biol\u00f3gica para pequena ou m\u00e9dia escala&#8221;. Curso este que contempla aspetos como os m\u00e9todos de desenhar a...","protected":false},"author":1,"featured_media":0,"parent":0,"menu_order":0,"comment_status":"closed","ping_status":"closed","template":"","meta":{"footnotes":""},"class_list":["post-37","page","type-page","status-publish","hentry"],"acf":[],"_links":{"self":[{"href":"https:\/\/bioazorica.pt\/en\/wp-json\/wp\/v2\/pages\/37","targetHints":{"allow":["GET"]}}],"collection":[{"href":"https:\/\/bioazorica.pt\/en\/wp-json\/wp\/v2\/pages"}],"about":[{"href":"https:\/\/bioazorica.pt\/en\/wp-json\/wp\/v2\/types\/page"}],"author":[{"embeddable":true,"href":"https:\/\/bioazorica.pt\/en\/wp-json\/wp\/v2\/users\/1"}],"replies":[{"embeddable":true,"href":"https:\/\/bioazorica.pt\/en\/wp-json\/wp\/v2\/comments?post=37"}],"version-history":[{"count":12,"href":"https:\/\/bioazorica.pt\/en\/wp-json\/wp\/v2\/pages\/37\/revisions"}],"predecessor-version":[{"id":281,"href":"https:\/\/bioazorica.pt\/en\/wp-json\/wp\/v2\/pages\/37\/revisions\/281"}],"wp:attachment":[{"href":"https:\/\/bioazorica.pt\/en\/wp-json\/wp\/v2\/media?parent=37"}],"curies":[{"name":"wp","href":"https:\/\/api.w.org\/{rel}","templated":true}]}}