{"id":35,"date":"2022-03-25T11:15:24","date_gmt":"2022-03-25T12:15:24","guid":{"rendered":"https:\/\/impreza47.us-themes.com\/?page_id=35"},"modified":"2026-03-12T15:05:11","modified_gmt":"2026-03-12T16:05:11","slug":"espacos-e-servicos","status":"publish","type":"page","link":"https:\/\/bioazorica.pt\/en\/espacos-e-servicos\/","title":{"rendered":"Spaces and Services"},"content":{"rendered":"<section class=\"l-section wpb_row height_custom color_primary with_img with_video with_vimeo with_shape\"><div class=\"l-section-img\" style=\"background-image: url(https:\/\/bioazorica.pt\/wp-content\/uploads\/2022\/11\/caixa-fruta-legumes-pimentos-couves.jpg);background-repeat: no-repeat;\" data-img-width=\"1920\" data-img-height=\"1280\"><\/div><style>@media(max-width:600px){#us_bg_video_s47e{display:none!important}}<\/style><div class=\"l-section-video\" id=\"us_bg_video_s47e\"><iframe title=\"Vimeo video player\" src=\"https:\/\/player.vimeo.com\/video\/771756631?autoplay=1&loop=1&muted=1&title=0&byline=0&background=1\" frameborder=\"0\" allow=\"autoplay; fullscreen\" allowfullscreen loading=\"lazy\"><\/iframe><\/div><div class=\"l-section-overlay\" style=\"background:rgba(0,0,0,0.40)\"><\/div><div class=\"l-section-shape type_wave pos_bottom\" style=\"height:8vmax;\"><svg xmlns=\"http:\/\/www.w3.org\/2000\/svg\" viewbox=\"0 4 64 4\" preserveaspectratio=\"none\" width=\"100%\" height=\"100%\">\r\n\t<path fill=\"currentColor\" d=\"M64 6 C32 0 32 12 0 6 L0 8 L64 8 Z\"\/>\r\n<\/svg><\/div><div class=\"l-section-h i-cf\"><div class=\"g-cols vc_row via_flex valign_top type_default stacking_default\"><div class=\"vc_col-sm-12 wpb_column vc_column_container\"><div class=\"vc_column-inner\"><div class=\"wpb_wrapper\"><h1 class=\"w-text us_custom_34aef4c0\"><span class=\"w-text-h\"><span class=\"w-text-value\">Spaces and Services<\/span><\/span><\/h1><div class=\"w-separator size_custom\" style=\"height:8vmax\"><\/div><\/div><\/div><\/div><\/div><\/div><\/section><section class=\"l-section wpb_row height_auto\"><div class=\"l-section-h i-cf\"><div class=\"g-cols vc_row via_flex valign_top type_default stacking_default\"><div class=\"vc_col-sm-12 wpb_column vc_column_container\"><div class=\"vc_column-inner\"><div class=\"wpb_wrapper\"><div class=\"w-separator size_custom\" style=\"height:6.5vmax\"><\/div><h2 class=\"w-text us_custom_e66796d2\"><span class=\"w-text-h\"><span class=\"w-text-value\">Our Spaces<\/span><\/span><\/h2><div class=\"w-separator size_custom\" style=\"height:20px\"><\/div><div class=\"g-cols wpb_row via_flex valign_top type_default stacking_default\"><div class=\"vc_col-sm-4 wpb_column vc_column_container\"><div class=\"vc_column-inner\"><div class=\"wpb_wrapper\"><div class=\"w-image us_custom_9cf479d2 has_ratio align_none\"><div class=\"w-image-h\"><div style=\"padding-bottom:75%\"><\/div><img decoding=\"async\" width=\"600\" height=\"336\" src=\"https:\/\/bioazorica.pt\/wp-content\/uploads\/2022\/11\/Screenshot_2022-11-16_11-53-59-600x336.jpg\" class=\"attachment-woocommerce_single size-woocommerce_single\" alt=\"\" srcset=\"https:\/\/bioazorica.pt\/wp-content\/uploads\/2022\/11\/Screenshot_2022-11-16_11-53-59-600x336.jpg 600w, https:\/\/bioazorica.pt\/wp-content\/uploads\/2022\/11\/Screenshot_2022-11-16_11-53-59-300x168.jpg 300w, https:\/\/bioazorica.pt\/wp-content\/uploads\/2022\/11\/Screenshot_2022-11-16_11-53-59.jpg 953w\" sizes=\"(max-width: 600px) 100vw, 600px\" \/><\/div><\/div><div class=\"w-separator size_small\"><\/div><div class=\"wpb_text_column us_custom_3c634c4e\"><div class=\"wpb_wrapper\"><h3>Bioaz\u00f3rica Cooperative Headquarters<\/h3>\n<p>Inaugurated in 2016. Cooperativa Bioaz\u00f3rica has a \u201cbase\u201d location. Located in Vinha Brava in Angra do Hero\u00edsmo, our head office is open to anyone interested in visiting us, getting information, clarifying any doubts, among other things. It is a place for administrative purposes, meetings, training, among others.<\/p>\n<\/div><\/div><\/div><\/div><\/div><div class=\"vc_col-sm-4 wpb_column vc_column_container\"><div class=\"vc_column-inner\"><div class=\"wpb_wrapper\"><div class=\"w-image us_custom_9cf479d2 has_ratio align_none\"><div class=\"w-image-h\"><div style=\"padding-bottom:75%\"><\/div><img decoding=\"async\" width=\"600\" height=\"450\" src=\"https:\/\/bioazorica.pt\/wp-content\/uploads\/2022\/11\/casa-do-jardim-600x450.jpg\" class=\"attachment-woocommerce_single size-woocommerce_single\" alt=\"\" srcset=\"https:\/\/bioazorica.pt\/wp-content\/uploads\/2022\/11\/casa-do-jardim-600x450.jpg 600w, https:\/\/bioazorica.pt\/wp-content\/uploads\/2022\/11\/casa-do-jardim-300x225.jpg 300w, https:\/\/bioazorica.pt\/wp-content\/uploads\/2022\/11\/casa-do-jardim.jpg 950w\" sizes=\"(max-width: 600px) 100vw, 600px\" \/><\/div><\/div><div class=\"w-separator size_small\"><\/div><div class=\"wpb_text_column us_custom_3c634c4e\"><div class=\"wpb_wrapper\"><h3>Casa do Jardim<\/h3>\n<p>Casa do Jardim is located in Jardim Duque da Terceira in Angra do Hero\u00edsmo.<\/p>\n<p>Funciona de Segunda a S\u00e1bado das 10H00 \u00e0s 17H00. \u00c9 um espa\u00e7o de restaura\u00e7\u00e3o e pastelaria onde s\u00e3o servidas deliciosas refei\u00e7\u00f5es confecionadas com produtos biol\u00f3gicos.<\/p>\n<p>It also sells decoration items, handicrafts, gourmet products, among others.<\/p>\n<\/div><\/div><\/div><\/div><\/div><div class=\"vc_col-sm-4 wpb_column vc_column_container\"><div class=\"vc_column-inner\"><div class=\"wpb_wrapper\"><div class=\"w-image us_custom_9cf479d2 has_ratio align_none\"><div class=\"w-image-h\"><div style=\"padding-bottom:75%\"><\/div><img decoding=\"async\" width=\"600\" height=\"450\" src=\"https:\/\/bioazorica.pt\/wp-content\/uploads\/2022\/11\/mercado-biologico-interior-fruta-legumes-bebidas-comida-600x450.jpg\" class=\"attachment-woocommerce_single size-woocommerce_single\" alt=\"\" srcset=\"https:\/\/bioazorica.pt\/wp-content\/uploads\/2022\/11\/mercado-biologico-interior-fruta-legumes-bebidas-comida-600x450.jpg 600w, https:\/\/bioazorica.pt\/wp-content\/uploads\/2022\/11\/mercado-biologico-interior-fruta-legumes-bebidas-comida-300x225.jpg 300w, https:\/\/bioazorica.pt\/wp-content\/uploads\/2022\/11\/mercado-biologico-interior-fruta-legumes-bebidas-comida.jpg 955w\" sizes=\"(max-width: 600px) 100vw, 600px\" \/><\/div><\/div><div class=\"w-separator size_small\"><\/div><div class=\"wpb_text_column us_custom_3c634c4e\"><div class=\"wpb_wrapper\"><h3>Mercado Biol\u00f3gico<\/h3>\n<p>O Mercado de Produtos Biol\u00f3gicos est\u00e1 situado junto ao Pa\u00fal na Praia da Vit\u00f3ria e funciona de Ter\u00e7a a S\u00e1bado das 10H00 \u00e0s 18H00.<\/p>\n<p>It is a space where the interests of producers intersect with the interests of consumers. Products certified in Organic Production Mode are sold, such as fruit and vegetables, fresh products of local, regional or national origin, groceries, cosmetics and garden products (seeds, substrate, etc\u2026).<\/p>\n<p>In addition, it has a snack and pastry service made from organic products.<\/p>\n<\/div><\/div><\/div><\/div><\/div><\/div><\/div><\/div><\/div><\/div><\/div><\/section><section class=\"l-section wpb_row height_custom\"><div class=\"l-section-h i-cf\"><div class=\"g-cols vc_row via_flex valign_middle type_default stacking_default\"><div class=\"vc_col-sm-12 wpb_column vc_column_container\"><div class=\"vc_column-inner\"><div class=\"wpb_wrapper\"><div class=\"w-separator size_custom\" style=\"height:6.5vmax\"><\/div><h2 class=\"w-text us_custom_e66796d2\"><span class=\"w-text-h\"><span class=\"w-text-value\">Our Services<\/span><\/span><\/h2><div class=\"w-separator size_custom\" style=\"height:20px\"><\/div><div class=\"g-cols wpb_row via_flex valign_middle type_default reversed stacking_default\"><div class=\"vc_col-sm-6 wpb_column vc_column_container\"><div class=\"vc_column-inner\"><div class=\"wpb_wrapper\"><div class=\"wpb_text_column\"><div class=\"wpb_wrapper\"><h2>Biobasket<\/h2>\n<p>The Biobasket Delivery System throughout Terceira Island is one of the services provided by BioAz\u00f3rica to our customers.<\/p>\n<p>Weekly, the customer receives, via email, a list of products and items available for sale. This list must be filled in with the indication of the products and\/or articles that the customer wants, as well as their quantities and returned again via email. Send it to geral@bioazorica.pt and we will contact you.<\/p>\n<p>The baskets are delivered on Saturdays between 10 am and 1 pm at the address indicated by the customer.<\/p>\n<\/div><\/div><\/div><\/div><\/div><div class=\"vc_col-sm-6 wpb_column vc_column_container\"><div class=\"vc_column-inner\"><div class=\"wpb_wrapper\"><div class=\"w-image us_custom_9cf479d2 align_none\"><div class=\"w-image-h\"><img decoding=\"async\" width=\"683\" height=\"1024\" src=\"https:\/\/bioazorica.pt\/wp-content\/uploads\/2022\/11\/cesto-cabaz-legumes-fruta-tomates-vegetais-biologico-683x1024.jpg\" class=\"attachment-large size-large\" alt=\"\" srcset=\"https:\/\/bioazorica.pt\/wp-content\/uploads\/2022\/11\/cesto-cabaz-legumes-fruta-tomates-vegetais-biologico-683x1024.jpg 683w, https:\/\/bioazorica.pt\/wp-content\/uploads\/2022\/11\/cesto-cabaz-legumes-fruta-tomates-vegetais-biologico-200x300.jpg 200w, https:\/\/bioazorica.pt\/wp-content\/uploads\/2022\/11\/cesto-cabaz-legumes-fruta-tomates-vegetais-biologico-600x900.jpg 600w, https:\/\/bioazorica.pt\/wp-content\/uploads\/2022\/11\/cesto-cabaz-legumes-fruta-tomates-vegetais-biologico.jpg 1280w\" sizes=\"(max-width: 683px) 100vw, 683px\" \/><\/div><\/div><\/div><\/div><\/div><\/div><div class=\"w-separator size_custom\" style=\"height:6.5vmax\"><\/div><div class=\"g-cols wpb_row via_flex valign_middle type_default reversed\"><div class=\"vc_col-sm-6 wpb_column vc_column_container\"><div class=\"vc_column-inner\"><div class=\"wpb_wrapper\"><div class=\"w-image us_custom_9cf479d2 align_none\"><div class=\"w-image-h\"><img decoding=\"async\" width=\"683\" height=\"1024\" src=\"https:\/\/bioazorica.pt\/wp-content\/uploads\/2022\/11\/brunch-vegetariano-legumes-pao-prato-683x1024.jpg\" class=\"attachment-large size-large\" alt=\"\" srcset=\"https:\/\/bioazorica.pt\/wp-content\/uploads\/2022\/11\/brunch-vegetariano-legumes-pao-prato-683x1024.jpg 683w, https:\/\/bioazorica.pt\/wp-content\/uploads\/2022\/11\/brunch-vegetariano-legumes-pao-prato-200x300.jpg 200w, https:\/\/bioazorica.pt\/wp-content\/uploads\/2022\/11\/brunch-vegetariano-legumes-pao-prato-600x900.jpg 600w, https:\/\/bioazorica.pt\/wp-content\/uploads\/2022\/11\/brunch-vegetariano-legumes-pao-prato.jpg 1280w\" sizes=\"(max-width: 683px) 100vw, 683px\" \/><\/div><\/div><\/div><\/div><\/div><div class=\"vc_col-sm-6 wpb_column vc_column_container\"><div class=\"vc_column-inner\"><div class=\"wpb_wrapper\"><div class=\"wpb_text_column\"><div class=\"wpb_wrapper\"><h2>Brunch<\/h2>\n<p>Brunch is a meal of British origin that combines breakfast (<em>breakfast<\/em> ) and lunch (<em>lunch<\/em> ).<\/p>\n<p>We hold our Brunch at Casa do Jardim every Saturday between 11 am and 4 pm, except for duly informed interruptions.<\/p>\n<p>It is available to customers: Three varieties of bread, crepes, jams, honey, two varieties of savory pastries, vegetable quiche, two varieties of cold salads, two different dishes, two types of accompaniment, two varieties of confectionery, teas ice cream, natural juices, hot teas, among others.<\/p>\n<\/div><\/div><\/div><\/div><\/div><\/div><div class=\"w-separator size_custom\" style=\"height:6.5vmax\"><\/div><div class=\"g-cols wpb_row via_flex valign_middle type_default reversed stacking_default\"><div class=\"vc_col-sm-6 wpb_column vc_column_container\"><div class=\"vc_column-inner\"><div class=\"wpb_wrapper\"><div class=\"wpb_text_column\"><div class=\"wpb_wrapper\"><h2>Events<\/h2>\n<p>Cooperativa Bioaz\u00f3rica can help you organize your events. As? By making the space available (Casa do Jardim \u2013 in Jardim Duque de Angra) and its logistics. The co-infection of the menus may be our responsibility, always in accordance with your wishes. You can also choose to just rent the space. Please contact us to find out more information.<\/p>\n<\/div><\/div><\/div><\/div><\/div><div class=\"vc_col-sm-6 wpb_column vc_column_container\"><div class=\"vc_column-inner\"><div class=\"wpb_wrapper\"><div class=\"w-image us_custom_9cf479d2 align_none\"><div class=\"w-image-h\"><img decoding=\"async\" width=\"683\" height=\"1024\" src=\"https:\/\/bioazorica.pt\/wp-content\/uploads\/2022\/11\/evento-empregado-servir-fruta-maca-bebida-copo-mesa-683x1024.jpg\" class=\"attachment-large size-large\" alt=\"\" srcset=\"https:\/\/bioazorica.pt\/wp-content\/uploads\/2022\/11\/evento-empregado-servir-fruta-maca-bebida-copo-mesa-683x1024.jpg 683w, https:\/\/bioazorica.pt\/wp-content\/uploads\/2022\/11\/evento-empregado-servir-fruta-maca-bebida-copo-mesa-200x300.jpg 200w, https:\/\/bioazorica.pt\/wp-content\/uploads\/2022\/11\/evento-empregado-servir-fruta-maca-bebida-copo-mesa-600x900.jpg 600w, https:\/\/bioazorica.pt\/wp-content\/uploads\/2022\/11\/evento-empregado-servir-fruta-maca-bebida-copo-mesa.jpg 1280w\" sizes=\"(max-width: 683px) 100vw, 683px\" \/><\/div><\/div><\/div><\/div><\/div><\/div><\/div><\/div><\/div><\/div><\/div><\/section><section class=\"l-section wpb_row height_custom full_height valign_center color_primary with_img with_video with_vimeo with_shape\"><div class=\"l-section-img\" style=\"background-image: url(https:\/\/bioazorica.pt\/wp-content\/uploads\/2022\/11\/vegetais-mesa-tomates-cogumelos-scaled.jpg);background-repeat: no-repeat;\" data-img-width=\"1408\" data-img-height=\"1920\"><\/div><style>@media(max-width:600px){#us_bg_video_n748{display:none!important}}<\/style><div class=\"l-section-video\" id=\"us_bg_video_n748\"><iframe title=\"Vimeo video player\" src=\"https:\/\/player.vimeo.com\/video\/771751778?autoplay=1&loop=1&muted=1&title=0&byline=0&background=1\" frameborder=\"0\" allow=\"autoplay; fullscreen\" allowfullscreen loading=\"lazy\"><\/iframe><\/div><div class=\"l-section-overlay\" style=\"background:rgba(0,0,0,0.40)\"><\/div><div class=\"l-section-shape type_wave pos_top hor_flip\" style=\"height:8vmax;\"><svg xmlns=\"http:\/\/www.w3.org\/2000\/svg\" viewbox=\"0 4 64 4\" preserveaspectratio=\"none\" width=\"100%\" height=\"100%\">\r\n\t<path fill=\"currentColor\" d=\"M64 6 C32 0 32 12 0 6 L0 8 L64 8 Z\"\/>\r\n<\/svg><\/div><div class=\"l-section-shape type_wave pos_bottom\" style=\"color:var(--color-header-middle-bg)\"><svg xmlns=\"http:\/\/www.w3.org\/2000\/svg\" viewbox=\"0 4 64 4\" preserveaspectratio=\"none\" width=\"100%\" height=\"100%\">\r\n\t<path fill=\"currentColor\" d=\"M64 6 C32 0 32 12 0 6 L0 8 L64 8 Z\"\/>\r\n<\/svg><\/div><div class=\"l-section-h i-cf\"><div class=\"g-cols vc_row via_flex valign_top type_default stacking_default\"><div class=\"vc_col-sm-12 wpb_column vc_column_container\"><div class=\"vc_column-inner\"><div class=\"wpb_wrapper\"><div class=\"wpb_text_column us_custom_9d3767a8\"><div class=\"wpb_wrapper\"><h2>Discover all our products now<\/h2>\n<\/div><\/div><div class=\"w-separator size_custom\" style=\"height:30px\"><\/div><div class=\"w-btn-wrapper align_center\"><a class=\"w-btn us-btn-style_1\" href=\"\/en\/loja\/\"><span class=\"w-btn-label\">Visit Online Shop<\/span><\/a><\/div><\/div><\/div><\/div><\/div><\/div><\/section>","protected":false},"excerpt":{"rendered":"Espa\u00e7os e Servi\u00e7osOs Nossos Espa\u00e7osSede Cooperativa Bioaz\u00f3rica Inaugurada em 2016. A Cooperativa Bioaz\u00f3rica disp\u00f5e de um local &#8220;base&#8221;. Situada na Vinha Brava em Angra do Hero\u00edsmo, a nossa sede encontra-se aberta a todos os que estejam interessados em nos visitar, informar-se, esclarecer alguma d\u00favida, entre outras coisas. \u00c9 um local com fins administrativos, de reuni\u00f5es,...","protected":false},"author":1,"featured_media":0,"parent":0,"menu_order":0,"comment_status":"closed","ping_status":"closed","template":"","meta":{"footnotes":""},"class_list":["post-35","page","type-page","status-publish","hentry"],"acf":[],"_links":{"self":[{"href":"https:\/\/bioazorica.pt\/en\/wp-json\/wp\/v2\/pages\/35","targetHints":{"allow":["GET"]}}],"collection":[{"href":"https:\/\/bioazorica.pt\/en\/wp-json\/wp\/v2\/pages"}],"about":[{"href":"https:\/\/bioazorica.pt\/en\/wp-json\/wp\/v2\/types\/page"}],"author":[{"embeddable":true,"href":"https:\/\/bioazorica.pt\/en\/wp-json\/wp\/v2\/users\/1"}],"replies":[{"embeddable":true,"href":"https:\/\/bioazorica.pt\/en\/wp-json\/wp\/v2\/comments?post=35"}],"version-history":[{"count":11,"href":"https:\/\/bioazorica.pt\/en\/wp-json\/wp\/v2\/pages\/35\/revisions"}],"predecessor-version":[{"id":2112,"href":"https:\/\/bioazorica.pt\/en\/wp-json\/wp\/v2\/pages\/35\/revisions\/2112"}],"wp:attachment":[{"href":"https:\/\/bioazorica.pt\/en\/wp-json\/wp\/v2\/media?parent=35"}],"curies":[{"name":"wp","href":"https:\/\/api.w.org\/{rel}","templated":true}]}}