{"id":340,"date":"2022-11-17T00:38:07","date_gmt":"2022-11-17T01:38:07","guid":{"rendered":"https:\/\/bioazorica.pt\/?page_id=340"},"modified":"2023-07-19T13:37:36","modified_gmt":"2023-07-19T13:37:36","slug":"contactos","status":"publish","type":"page","link":"https:\/\/bioazorica.pt\/en\/contactos\/","title":{"rendered":"Contacts"},"content":{"rendered":"<section class=\"l-section wpb_row height_custom color_primary with_img with_shape\"><div class=\"l-section-img\" style=\"background-image: url(https:\/\/bioazorica.pt\/wp-content\/uploads\/2022\/11\/cenouras-colhidas-apanhadas-terra-cultivo-segurar-agarrar.jpg);background-repeat: no-repeat;\" data-img-width=\"1920\" data-img-height=\"1280\"><\/div><div class=\"l-section-overlay\" style=\"background:rgba(0,0,0,0.40)\"><\/div><div class=\"l-section-shape type_wave pos_bottom on_front\"><svg xmlns=\"http:\/\/www.w3.org\/2000\/svg\" viewbox=\"0 4 64 4\" preserveaspectratio=\"none\" width=\"100%\" height=\"100%\">\r\n\t<path fill=\"currentColor\" d=\"M64 6 C32 0 32 12 0 6 L0 8 L64 8 Z\"\/>\r\n<\/svg><\/div><div class=\"l-section-h i-cf\"><div class=\"g-cols vc_row via_flex valign_top type_default stacking_default\"><div class=\"vc_col-sm-12 wpb_column vc_column_container\"><div class=\"vc_column-inner\"><div class=\"wpb_wrapper\"><h1 class=\"w-text us_custom_34aef4c0\"><span class=\"w-text-h\"><span class=\"w-text-value\">Contacts<\/span><\/span><\/h1><div class=\"w-separator size_custom\" style=\"height:8vmax\"><\/div><\/div><\/div><\/div><\/div><\/div><\/section><section class=\"l-section wpb_row height_custom width_full\"><div class=\"l-section-h i-cf\"><div class=\"g-cols vc_row via_flex valign_top type_default stacking_default\"><div class=\"vc_col-sm-12 wpb_column vc_column_container\"><div class=\"vc_column-inner us_custom_5cd26a65\"><div class=\"wpb_wrapper\"><div class=\"w-map provider_osm\" id=\"us_map_1\"><div class=\"w-map-json\" onclick='return {&quot;address&quot;:&quot;38.677072741774445, -27.216586090243062&quot;,&quot;zoom&quot;:11,&quot;hideControls&quot;:0,&quot;disableZoom&quot;:0,&quot;disableDragging&quot;:0,&quot;markers&quot;:[{&quot;address&quot;:&quot;38.677072741774445, -27.216586090243062&quot;,&quot;html&quot;:&quot;&quot;,&quot;infowindow&quot;:0},{&quot;address&quot;:&quot;38.677072741774445, -27.216586090243062&quot;,&quot;html&quot;:&quot;Sede da Cooperativa&quot;,&quot;marker_img&quot;:null,&quot;marker_size&quot;:[&quot;30&quot;,&quot;30&quot;]},{&quot;address&quot;:&quot;38.733152494930216, -27.058083346919165&quot;,&quot;html&quot;:&quot;Mercado Biol\\u00f3gico&quot;,&quot;marker_img&quot;:null,&quot;marker_size&quot;:[&quot;30&quot;,&quot;30&quot;]},{&quot;address&quot;:&quot;38.65691429053705, -27.217798966870834&quot;,&quot;html&quot;:&quot;Casa do Jardim&quot;,&quot;marker_img&quot;:null,&quot;marker_size&quot;:[&quot;30&quot;,&quot;30&quot;]}],&quot;style&quot;:&quot;https:\\\/\\\/{s}.tile.openstreetmap.org\\\/{z}\\\/{x}\\\/{y}.png&quot;}'><\/div><\/div><\/div><\/div><\/div><\/div><\/div><\/section><section class=\"l-section wpb_row us_custom_5cd26a65 height_custom\"><div class=\"l-section-h i-cf\"><div class=\"g-cols vc_row via_flex valign_top type_default stacking_default\"><div class=\"vc_col-sm-6 wpb_column vc_column_container\"><div class=\"vc_column-inner\"><div class=\"wpb_wrapper\"><h5 class=\"w-text\"><span class=\"w-text-h\"><span class=\"w-text-value\">BioAz\u00f3rica (Cooperative Headquarters)<\/span><\/span><\/h5><div class=\"w-separator size_small\"><\/div><div class=\"w-contacts\"><div class=\"w-contacts-list\"><div class=\"w-contacts-item for_address\"><span class=\"w-contacts-item-value\">Vinha Brava<\/span><\/div><div class=\"w-contacts-item for_mobile\"><span class=\"w-contacts-item-value\">965090432<\/span><\/div><div class=\"w-contacts-item for_email\"><span class=\"w-contacts-item-value\"><a href=\"mailto:geral@bioazorica.pt\">geral@bioazorica.pt<\/a><\/span><\/div><\/div><\/div><div class=\"w-separator size_medium\"><\/div><h5 class=\"w-text\"><span class=\"w-text-h\"><span class=\"w-text-value\">Mercado Biol\u00f3gico<\/span><\/span><\/h5><div class=\"w-separator size_small\"><\/div><div class=\"w-contacts\"><div class=\"w-contacts-list\"><div class=\"w-contacts-item for_address\"><span class=\"w-contacts-item-value\">Next to Pa\u00fal of Praia da Vit\u00f3ria<\/span><\/div><div class=\"w-contacts-item for_phone\"><span class=\"w-contacts-item-value\">295543401<\/span><\/div><div class=\"w-contacts-item for_mobile\"><span class=\"w-contacts-item-value\">927638165<\/span><\/div><div class=\"w-contacts-item for_email\"><span class=\"w-contacts-item-value\"><a href=\"mailto:geral@bioazorica.pt\">geral@bioazorica.pt<\/a><\/span><\/div><\/div><\/div><div class=\"w-separator size_medium\"><\/div><h5 class=\"w-text\"><span class=\"w-text-h\"><span class=\"w-text-value\">Casa do Jardim<\/span><\/span><\/h5><div class=\"w-separator size_small\"><\/div><div class=\"w-contacts\"><div class=\"w-contacts-list\"><div class=\"w-contacts-item for_address\"><span class=\"w-contacts-item-value\">Jardim Duque da Terceira, Angra do Hero\u00edsmo<\/span><\/div><div class=\"w-contacts-item for_mobile\"><span class=\"w-contacts-item-value\">960342361<\/span><\/div><div class=\"w-contacts-item for_email\"><span class=\"w-contacts-item-value\"><a href=\"mailto:geral@bioazorica.pt\">geral@bioazorica.pt<\/a><\/span><\/div><\/div><\/div><\/div><\/div><\/div><div class=\"vc_col-sm-6 wpb_column vc_column_container\"><div class=\"vc_column-inner\"><div class=\"wpb_wrapper\"><h5 class=\"w-text\"><span class=\"w-text-h\"><span class=\"w-text-value\">Contact Form<\/span><\/span><\/h5><div class=\"w-separator size_small\"><\/div><form class=\"w-form  layout_ver for_cform us_form_1\" autocomplete=\"off\" action=\"https:\/\/bioazorica.pt\/en\/wp-json\/wp\/v2\/pages\/340\" method=\"post\" data-trp-original-action=\"https:\/\/bioazorica.pt\/en\/wp-json\/wp\/v2\/pages\/340\"><div class=\"w-form-h\"><div class=\"w-form-row for_text required\">\r\n\t\t<div class=\"w-form-row-field\">\r\n\t\t\t\t\t\t<input aria-label=\"Name\" type=\"text\" name=\"us_form_1_text_1\" value placeholder=\"Name *\" data-required=\"true\" aria-required=\"true\"\/>\r\n\t\t\t<\/div>\r\n\t\t<div class=\"w-form-row-state\">Fill out this field<\/div>\r\n<\/div>\r\n<div class=\"w-form-row for_email required\">\r\n\t\t<div class=\"w-form-row-field\">\r\n\t\t\t\t\t\t<input aria-label=\"Email\" type=\"email\" name=\"us_form_1_email_1\" value placeholder=\"Email *\" data-required=\"true\" aria-required=\"true\"\/>\r\n\t\t\t<\/div>\r\n\t\t<div class=\"w-form-row-state\">Please enter a valid email address.<\/div>\r\n<\/div>\r\n<div class=\"w-form-row for_text\">\r\n\t\t<div class=\"w-form-row-field\">\r\n\t\t\t\t\t\t<input aria-label=\"Contact\" type=\"text\" name=\"us_form_1_text_2\" value placeholder=\"Contact\"\/>\r\n\t\t\t<\/div>\r\n\t\t<div class=\"w-form-row-state\">Fill out this field<\/div>\r\n<\/div>\r\n<div class=\"w-form-row for_textarea required\">\r\n\t\t<div class=\"w-form-row-field\">\r\n\t\t\t\t\t\t<textarea aria-label=\"Message\" name=\"us_form_1_textarea_1\" placeholder=\"Message *\" data-required=\"true\" aria-required=\"true\"><\/textarea>\r\n\t\t\t<\/div>\r\n\t\t<div class=\"w-form-row-state\">Fill out this field<\/div>\r\n<\/div>\r\n<div class=\"w-form-row for_agreement required\">\r\n\t\t<div class=\"w-form-row-field\">\r\n\t\t\t\t<label>\r\n\t\t\t<input type=\"checkbox\" class=\"screen-reader-text\" value=\"1\" data-required=\"true\" aria-required=\"true\" name=\"us_form_1_agreement_1\"\/>\r\n\t\t\t<span class=\"w-form-checkbox\"><\/span>\r\n\t\t\t<span>I have read, understood and accept the Privacy Policy<\/span>\r\n\t\t<\/label>\r\n\t\t\t<\/div>\r\n\t\t<div class=\"w-form-row-state\">You need to agree with the terms to proceed<\/div>\r\n<\/div>\r\n<div class=\"w-form-row for_captcha required\">\r\n\t<div class=\"w-form-row-label\">\r\n\t\t<span> <span>18 - 12 = ?<\/span><\/span>\r\n\t<\/div>\r\n\t<div class=\"w-form-row-field\">\r\n\t\t\t\t<input type=\"hidden\" name=\"us_form_1_captcha_1_hash\" value=\"8b592bff26d82f636be6f67e1db79bf9\" \/>\r\n\t\t\t\t<input aria-label=\"us_form_1_captcha_1\" type=\"text\" name=\"us_form_1_captcha_1\" placeholder data-required=\"true\" aria-required=\"true\"\/>\r\n\t\t\t<\/div>\r\n\t\t<div class=\"w-form-row-state\">Enter the equation result to proceed<\/div>\r\n<\/div>\r\n<input type=\"hidden\" name=\"action\" value=\"us_ajax_cform\" \/>\r\n<input type=\"hidden\" name=\"post_id\" value=\"0\" \/>\r\n<input type=\"hidden\" name=\"form_index\" value=\"1\" \/>\r\n<div class=\"w-form-row for_submit  align_center\" style=\"--btn-size-mobiles:100%;\">\r\n\t<button class=\"w-btn  us-btn-style_1\" aria-label=\"Send Message\" type=\"submit\" style=\"font-size:100%;\">\r\n\t\t<span class=\"g-preloader type_1\"><\/span>\r\n\t\t\t\t<span class=\"w-btn-label\">Send Message<\/span>\r\n\t\t\t<\/button>\r\n\t<\/div>\r\n<\/div><div class=\"w-form-message\"><\/div><div class=\"w-form-json hidden\" onclick='return {&quot;ajaxurl&quot;:&quot;https:\\\/\\\/bioazorica.pt\\\/wp-admin\\\/admin-ajax.php&quot;,&quot;messages&quot;:{&quot;err_empty&quot;:&quot;Fill out this field&quot;,&quot;err_size&quot;:&quot;File size cannot exceed %s MB&quot;,&quot;err_extension&quot;:&quot;%s file type is not allowed&quot;}}'><\/div><input type=\"hidden\" name=\"trp-form-language\" value=\"en\"\/><\/form><\/div><\/div><\/div><\/div><\/div><\/section>","protected":false},"excerpt":{"rendered":"ContactosBioAz\u00f3rica (Sede da Cooperativa)Vinha Brava965090432geral@bioazorica.ptMercado Biol\u00f3gicoJunto ao Pa\u00fal da Praia da Vit\u00f3ria295543401927638165geral@bioazorica.ptCasa do JardimJardim Duque da Terceira, Angra do Hero\u00edsmo960342361geral@bioazorica.ptFormul\u00e1rio de Contacto Fill out this field Please enter a valid email address. Fill out this field Fill out this field Li, compreendi e aceito a Pol\u00edtica de Privacidade You need to agree with the terms...","protected":false},"author":1,"featured_media":0,"parent":0,"menu_order":0,"comment_status":"closed","ping_status":"closed","template":"","meta":{"footnotes":""},"class_list":["post-340","page","type-page","status-publish","hentry"],"acf":[],"_links":{"self":[{"href":"https:\/\/bioazorica.pt\/en\/wp-json\/wp\/v2\/pages\/340","targetHints":{"allow":["GET"]}}],"collection":[{"href":"https:\/\/bioazorica.pt\/en\/wp-json\/wp\/v2\/pages"}],"about":[{"href":"https:\/\/bioazorica.pt\/en\/wp-json\/wp\/v2\/types\/page"}],"author":[{"embeddable":true,"href":"https:\/\/bioazorica.pt\/en\/wp-json\/wp\/v2\/users\/1"}],"replies":[{"embeddable":true,"href":"https:\/\/bioazorica.pt\/en\/wp-json\/wp\/v2\/comments?post=340"}],"version-history":[{"count":14,"href":"https:\/\/bioazorica.pt\/en\/wp-json\/wp\/v2\/pages\/340\/revisions"}],"predecessor-version":[{"id":2091,"href":"https:\/\/bioazorica.pt\/en\/wp-json\/wp\/v2\/pages\/340\/revisions\/2091"}],"wp:attachment":[{"href":"https:\/\/bioazorica.pt\/en\/wp-json\/wp\/v2\/media?parent=340"}],"curies":[{"name":"wp","href":"https:\/\/api.w.org\/{rel}","templated":true}]}}