{"id":33,"date":"2022-03-25T11:15:12","date_gmt":"2022-03-25T12:15:12","guid":{"rendered":"https:\/\/impreza47.us-themes.com\/?page_id=33"},"modified":"2026-03-05T09:53:57","modified_gmt":"2026-03-05T10:53:57","slug":"quem-somos","status":"publish","type":"page","link":"https:\/\/bioazorica.pt\/en\/quem-somos\/","title":{"rendered":"About Us"},"content":{"rendered":"<section class=\"l-section wpb_row height_custom color_primary with_img with_shape\"><div class=\"l-section-img\" style=\"background-image: url(https:\/\/bioazorica.pt\/wp-content\/uploads\/2022\/11\/pimento-alho-couve-flor-tomate-gengibre_1575x1050.jpg);background-position: bottom center;background-repeat: no-repeat;\" data-img-width=\"1575\" data-img-height=\"1050\"><\/div><div class=\"l-section-overlay\" style=\"background:rgba(0,0,0,0.40)\"><\/div><div class=\"l-section-shape type_wave pos_bottom\" style=\"height:8vmax;\"><svg xmlns=\"http:\/\/www.w3.org\/2000\/svg\" viewbox=\"0 4 64 4\" preserveaspectratio=\"none\" width=\"100%\" height=\"100%\">\r\n\t<path fill=\"currentColor\" d=\"M64 6 C32 0 32 12 0 6 L0 8 L64 8 Z\"\/>\r\n<\/svg><\/div><div class=\"l-section-h i-cf\"><div class=\"g-cols vc_row via_flex valign_top type_default stacking_default\"><div class=\"vc_col-sm-12 wpb_column vc_column_container\"><div class=\"vc_column-inner\"><div class=\"wpb_wrapper\"><h1 class=\"w-text us_custom_34aef4c0\"><span class=\"w-text-h\"><span class=\"w-text-value\">About Us<\/span><\/span><\/h1><div class=\"w-separator size_custom\" style=\"height:8vmax\"><\/div><\/div><\/div><\/div><\/div><\/div><\/section><section class=\"l-section wpb_row us_custom_ba559656 height_custom with_shape\"><div class=\"l-section-shape type_wave pos_bottom\" style=\"height:8vmax;color:var(--color-content-primary)\"><svg xmlns=\"http:\/\/www.w3.org\/2000\/svg\" viewbox=\"0 4 64 4\" preserveaspectratio=\"none\" width=\"100%\" height=\"100%\">\r\n\t<path fill=\"currentColor\" d=\"M64 6 C32 0 32 12 0 6 L0 8 L64 8 Z\"\/>\r\n<\/svg><\/div><div class=\"l-section-h i-cf\"><div class=\"g-cols vc_row via_flex valign_top type_default stacking_default\"><div class=\"vc_col-sm-8 wpb_column vc_column_container\"><div class=\"vc_column-inner\"><div class=\"wpb_wrapper\"><h2 class=\"w-text\"><span class=\"w-text-h\"><span class=\"w-text-value\">Origins<\/span><\/span><\/h2><div class=\"w-separator size_small\" id=\"l93c\"><style>@media(max-width:609px){ #l93c{height:30px!important}}<\/style><\/div><div class=\"g-cols wpb_row via_flex valign_top type_default stacking_default\"><div class=\"vc_col-sm-3 wpb_column vc_column_container\"><div class=\"vc_column-inner\"><div class=\"wpb_wrapper\"><h2 class=\"w-text\"><span class=\"w-text-h\"><span class=\"w-text-value\">2001<\/span><\/span><\/h2><div class=\"w-text us_custom_35e471d8\"><span class=\"w-text-h\"><span class=\"w-text-value\">Foundation<\/span><\/span><\/div><\/div><\/div><\/div><div class=\"vc_col-sm-9 wpb_column vc_column_container\"><div class=\"vc_column-inner us_custom_d14d7bc5\"><div class=\"wpb_wrapper\"><div class=\"wpb_text_column\"><div class=\"wpb_wrapper\"><p class=\"font_8\"><span class=\"color_15\">Founded in March 2001 by a group of 17 people, Cooperativa Bio Az\u00f3rica \u2013 Produtos de Agricultura Biol\u00f3gica C.R.L., has as its main objective the encouragement of \u201cthe production and consumption of organic products, respecting the Environment and thus promoting the conservation of Nature and biodiversity, through the integrated, durable and rational use of natural resources\u201d (Article 3 of the Cooperative Statutes).<\/span><\/p>\n<\/div><\/div><\/div><\/div><\/div><\/div><div class=\"w-separator size_custom\" style=\"height:50px\" id=\"x221\"><style>@media(max-width:609px){ #x221{height:30px!important}}<\/style><\/div><div class=\"g-cols wpb_row via_flex valign_top type_default stacking_default\"><div class=\"vc_col-sm-3 wpb_column vc_column_container\"><div class=\"vc_column-inner\"><div class=\"wpb_wrapper\"><h2 class=\"w-text\"><span class=\"w-text-h\"><span class=\"w-text-value\">2008<\/span><\/span><\/h2><div class=\"w-text us_custom_35e471d8\"><span class=\"w-text-h\"><span class=\"w-text-value\">Outlets<\/span><\/span><\/div><\/div><\/div><\/div><div class=\"vc_col-sm-9 wpb_column vc_column_container\"><div class=\"vc_column-inner\"><div class=\"wpb_wrapper\"><div class=\"wpb_text_column us_custom_d14d7bc5\"><div class=\"wpb_wrapper\"><p>In 2008 Bio Az\u00f3rica started commercial activity with two points of sale, Forte de S\u00e3o Mateus and BioFontinhas.<\/p>\n<\/div><\/div><\/div><\/div><\/div><\/div><div class=\"w-separator size_custom\" style=\"height:50px\" id=\"a834\"><style>@media(max-width:609px){ #a834{height:30px!important}}<\/style><\/div><div class=\"g-cols wpb_row via_flex valign_top type_default stacking_default\"><div class=\"vc_col-sm-3 wpb_column vc_column_container\"><div class=\"vc_column-inner\"><div class=\"wpb_wrapper\"><h2 class=\"w-text\"><span class=\"w-text-h\"><span class=\"w-text-value\">2012<\/span><\/span><\/h2><div class=\"w-text us_custom_35e471d8\"><span class=\"w-text-h\"><span class=\"w-text-value\">Expansion<\/span><\/span><\/div><\/div><\/div><\/div><div class=\"vc_col-sm-9 wpb_column vc_column_container\"><div class=\"vc_column-inner\"><div class=\"wpb_wrapper\"><div class=\"wpb_text_column us_custom_d14d7bc5\"><div class=\"wpb_wrapper\"><p>Opening of the Biological Market, in Praia da Vit\u00f3ria<\/p>\n<\/div><\/div><\/div><\/div><\/div><\/div><div class=\"w-separator size_custom\" style=\"height:50px\" id=\"de0b\"><style>@media(max-width:609px){ #de0b{height:30px!important}}<\/style><\/div><div class=\"g-cols wpb_row via_flex valign_top type_default stacking_default\"><div class=\"vc_col-sm-3 wpb_column vc_column_container\"><div class=\"vc_column-inner\"><div class=\"wpb_wrapper\"><h2 class=\"w-text\"><span class=\"w-text-h\"><span class=\"w-text-value\">2014<\/span><\/span><\/h2><div class=\"w-text us_custom_35e471d8\"><span class=\"w-text-h\"><span class=\"w-text-value\">Expansion<\/span><\/span><\/div><\/div><\/div><\/div><div class=\"vc_col-sm-9 wpb_column vc_column_container\"><div class=\"vc_column-inner\"><div class=\"wpb_wrapper\"><div class=\"wpb_text_column us_custom_d14d7bc5\"><div class=\"wpb_wrapper\"><p>Opening of Casa do Jardim \u2013 Biological Restaurant, in Angra do Hero\u00edsmo<\/p>\n<\/div><\/div><\/div><\/div><\/div><\/div><div class=\"w-separator size_custom\" style=\"height:50px\" id=\"s3d8\"><style>@media(max-width:609px){ #s3d8{height:30px!important}}<\/style><\/div><div class=\"g-cols wpb_row via_flex valign_top type_default stacking_default\"><div class=\"vc_col-sm-3 wpb_column vc_column_container\"><div class=\"vc_column-inner\"><div class=\"wpb_wrapper\"><h2 class=\"w-text\"><span class=\"w-text-h\"><span class=\"w-text-value\">2016<\/span><\/span><\/h2><div class=\"w-text us_custom_35e471d8\"><span class=\"w-text-h\"><span class=\"w-text-value\">Expansion<\/span><\/span><\/div><\/div><\/div><\/div><div class=\"vc_col-sm-9 wpb_column vc_column_container\"><div class=\"vc_column-inner\"><div class=\"wpb_wrapper\"><div class=\"wpb_text_column us_custom_d14d7bc5\"><div class=\"wpb_wrapper\"><p>Opening of the administrative headquarters, in Vinha Brava<\/p>\n<\/div><\/div><\/div><\/div><\/div><\/div><div class=\"w-separator size_custom\" style=\"height:50px\" id=\"r971\"><style>@media(max-width:609px){ #r971{height:30px!important}}<\/style><\/div><div class=\"g-cols wpb_row via_flex valign_top type_default stacking_default\"><div class=\"vc_col-sm-3 wpb_column vc_column_container\"><div class=\"vc_column-inner\"><div class=\"wpb_wrapper\"><h2 class=\"w-text\"><span class=\"w-text-h\"><span class=\"w-text-value\">2018<\/span><\/span><\/h2><div class=\"w-text us_custom_35e471d8\"><span class=\"w-text-h\"><span class=\"w-text-value\">Packing and Supply<\/span><\/span><\/div><\/div><\/div><\/div><div class=\"vc_col-sm-9 wpb_column vc_column_container\"><div class=\"vc_column-inner\"><div class=\"wpb_wrapper\"><div class=\"wpb_text_column us_custom_d14d7bc5\"><div class=\"wpb_wrapper\"><p>Beginning of product packaging and supply to other commercial areas on Terceira Island<\/p>\n<\/div><\/div><\/div><\/div><\/div><\/div><div class=\"w-separator size_custom\" style=\"height:50px\" id=\"rfc6\"><style>@media(max-width:609px){ #rfc6{height:30px!important}}<\/style><\/div><div class=\"g-cols wpb_row via_flex valign_top type_default stacking_default\"><div class=\"vc_col-sm-3 wpb_column vc_column_container\"><div class=\"vc_column-inner\"><div class=\"wpb_wrapper\"><h2 class=\"w-text\"><span class=\"w-text-h\"><span class=\"w-text-value\">2021<\/span><\/span><\/h2><div class=\"w-text us_custom_35e471d8\"><span class=\"w-text-h\"><span class=\"w-text-value\">Dispatch<\/span><\/span><\/div><\/div><\/div><\/div><div class=\"vc_col-sm-9 wpb_column vc_column_container\"><div class=\"vc_column-inner\"><div class=\"wpb_wrapper\"><div class=\"wpb_text_column us_custom_d14d7bc5\"><div class=\"wpb_wrapper\"><p>Start of shipment of products to other Azorean islands<\/p>\n<\/div><\/div><\/div><\/div><\/div><\/div><\/div><\/div><\/div><div class=\"vc_col-sm-4 wpb_column vc_column_container\"><div class=\"vc_column-inner\"><div class=\"wpb_wrapper\"><div class=\"w-image us_custom_9cf479d2 align_none\"><div class=\"w-image-h\"><img decoding=\"async\" width=\"768\" height=\"1024\" src=\"https:\/\/bioazorica.pt\/wp-content\/uploads\/2022\/11\/mercado-biologico-esplanada-rua-acores-768x1024.jpg\" class=\"attachment-large size-large\" alt=\"\" srcset=\"https:\/\/bioazorica.pt\/wp-content\/uploads\/2022\/11\/mercado-biologico-esplanada-rua-acores-768x1024.jpg 768w, https:\/\/bioazorica.pt\/wp-content\/uploads\/2022\/11\/mercado-biologico-esplanada-rua-acores-225x300.jpg 225w, https:\/\/bioazorica.pt\/wp-content\/uploads\/2022\/11\/mercado-biologico-esplanada-rua-acores-600x800.jpg 600w, https:\/\/bioazorica.pt\/wp-content\/uploads\/2022\/11\/mercado-biologico-esplanada-rua-acores.jpg 1440w\" sizes=\"(max-width: 768px) 100vw, 768px\" \/><\/div><\/div><\/div><\/div><\/div><\/div><\/div><\/section><section class=\"l-section wpb_row us_custom_ba559656 height_custom color_primary with_shape\"><div class=\"l-section-shape type_wave pos_bottom\" style=\"height:8vmax;\"><svg xmlns=\"http:\/\/www.w3.org\/2000\/svg\" viewbox=\"0 4 64 4\" preserveaspectratio=\"none\" width=\"100%\" height=\"100%\">\r\n\t<path fill=\"currentColor\" d=\"M64 6 C32 0 32 12 0 6 L0 8 L64 8 Z\"\/>\r\n<\/svg><\/div><div class=\"l-section-h i-cf\"><div class=\"g-cols vc_row via_flex valign_middle type_default stacking_default\"><div class=\"vc_col-sm-6 wpb_column vc_column_container\"><div class=\"vc_column-inner\"><div class=\"wpb_wrapper\"><div class=\"w-image us_custom_9cf479d2 align_none\"><div class=\"w-image-h\"><img decoding=\"async\" width=\"714\" height=\"955\" src=\"https:\/\/bioazorica.pt\/wp-content\/uploads\/2022\/11\/Screenshot_2022-11-16_13-59-45.jpg\" class=\"attachment-large size-large\" alt=\"\" srcset=\"https:\/\/bioazorica.pt\/wp-content\/uploads\/2022\/11\/Screenshot_2022-11-16_13-59-45.jpg 714w, https:\/\/bioazorica.pt\/wp-content\/uploads\/2022\/11\/Screenshot_2022-11-16_13-59-45-224x300.jpg 224w, https:\/\/bioazorica.pt\/wp-content\/uploads\/2022\/11\/Screenshot_2022-11-16_13-59-45-600x803.jpg 600w\" sizes=\"(max-width: 714px) 100vw, 714px\" \/><\/div><\/div><\/div><\/div><\/div><div class=\"vc_col-sm-6 wpb_column vc_column_container\"><div class=\"vc_column-inner us_custom_25cf1a41\"><div class=\"wpb_wrapper\"><div class=\"wpb_text_column us_custom_b9d201a0\"><div class=\"wpb_wrapper\"><h2>Online but with the same quality<\/h2>\n<p>We offer the possibility to buy our products online, which will be delivered to your door, always with the same freshness and quality that we have in our stores.<\/p>\n<\/div><\/div><div class=\"w-separator size_custom\" style=\"height:30px\"><\/div><div class=\"w-btn-wrapper align_none\"><a class=\"w-btn us-btn-style_2\" href=\"\/en\/loja\/\"><span class=\"w-btn-label\">Visit Online Shop<\/span><\/a><\/div><\/div><\/div><\/div><\/div><\/div><\/section><section class=\"l-section wpb_row us_custom_ba559656 height_custom\"><div class=\"l-section-h i-cf\"><div class=\"g-cols vc_row via_flex valign_top type_default stacking_default\"><div class=\"vc_col-sm-12 wpb_column vc_column_container\"><div class=\"vc_column-inner\"><div class=\"wpb_wrapper\"><h2 class=\"w-text\"><span class=\"w-text-h\"><span class=\"w-text-value\">Some Team Members<\/span><\/span><\/h2><div class=\"w-separator size_custom\" style=\"height:20px\"><\/div><div class=\"g-cols wpb_row via_flex valign_top type_default stacking_default\"><div class=\"vc_col-sm-1\/5 wpb_column vc_column_container\"><div class=\"vc_column-inner\"><div class=\"wpb_wrapper\"><div class=\"w-separator size_small\"><\/div><div class=\"wpb_text_column\"><div class=\"wpb_wrapper\"><p>President of the General Assembly<\/p>\n<\/div><\/div><div class=\"wpb_text_column\"><div class=\"wpb_wrapper\"><h3>Avelino Ormonde<\/h3>\n<\/div><\/div><\/div><\/div><\/div><div class=\"vc_col-sm-1\/5 wpb_column vc_column_container\"><div class=\"vc_column-inner\"><div class=\"wpb_wrapper\"><div class=\"w-separator size_small\"><\/div><div class=\"wpb_text_column\"><div class=\"wpb_wrapper\"><p>Chairman of the Board<\/p>\n<\/div><\/div><div class=\"wpb_text_column\"><div class=\"wpb_wrapper\"><h3>M\u00f3nica Rocha<\/h3>\n<\/div><\/div><\/div><\/div><\/div><div class=\"vc_col-sm-1\/5 wpb_column vc_column_container\"><div class=\"vc_column-inner\"><div class=\"wpb_wrapper\"><div class=\"w-separator size_small\"><\/div><div class=\"wpb_text_column\"><div class=\"wpb_wrapper\"><p>Chairman of the Supervisory Board<\/p>\n<\/div><\/div><div class=\"wpb_text_column\"><div class=\"wpb_wrapper\"><h3>Ricardo Toste<\/h3>\n<\/div><\/div><\/div><\/div><\/div><div class=\"vc_col-sm-1\/5 wpb_column vc_column_container\"><div class=\"vc_column-inner\"><div class=\"wpb_wrapper\"><div class=\"w-separator size_small\"><\/div><div class=\"wpb_text_column\"><div class=\"wpb_wrapper\"><p>Responsible for the production and certification area<\/p>\n<\/div><\/div><div class=\"wpb_text_column\"><div class=\"wpb_wrapper\"><h3>Raquel Reis<\/h3>\n<\/div><\/div><\/div><\/div><\/div><div class=\"vc_col-sm-1\/5 wpb_column vc_column_container\"><div class=\"vc_column-inner\"><div class=\"wpb_wrapper\"><div class=\"w-separator size_small\"><\/div><div class=\"wpb_text_column\"><div class=\"wpb_wrapper\"><p>Responsible for the commercial area<\/p>\n<\/div><\/div><div class=\"wpb_text_column\"><div class=\"wpb_wrapper\"><h3>Lisandra Lameiro<\/h3>\n<\/div><\/div><\/div><\/div><\/div><\/div><\/div><\/div><\/div><\/div><\/div><\/section>","protected":false},"excerpt":{"rendered":"Quem Somos Origens2001Funda\u00e7\u00e3oFundada em Mar\u00e7o de 2001 por um grupo de 17 pessoas, a Cooperativa Bio Az\u00f3rica &#8211; Produtos de Agricultura Biol\u00f3gica C.R.L., tem como principal objectivo o incentivo da &#8220;produ\u00e7\u00e3o e consumo de produtos biol\u00f3gicos,\u00a0respeitando o Ambiente e promovendo, assim, a conserva\u00e7\u00e3o da Natureza e a biodiversidade, atrav\u00e9s da utiliza\u00e7\u00e3o integrada, dur\u00e1vel e racional...","protected":false},"author":1,"featured_media":0,"parent":0,"menu_order":0,"comment_status":"closed","ping_status":"closed","template":"","meta":{"footnotes":""},"class_list":["post-33","page","type-page","status-publish","hentry"],"acf":[],"_links":{"self":[{"href":"https:\/\/bioazorica.pt\/en\/wp-json\/wp\/v2\/pages\/33","targetHints":{"allow":["GET"]}}],"collection":[{"href":"https:\/\/bioazorica.pt\/en\/wp-json\/wp\/v2\/pages"}],"about":[{"href":"https:\/\/bioazorica.pt\/en\/wp-json\/wp\/v2\/types\/page"}],"author":[{"embeddable":true,"href":"https:\/\/bioazorica.pt\/en\/wp-json\/wp\/v2\/users\/1"}],"replies":[{"embeddable":true,"href":"https:\/\/bioazorica.pt\/en\/wp-json\/wp\/v2\/comments?post=33"}],"version-history":[{"count":15,"href":"https:\/\/bioazorica.pt\/en\/wp-json\/wp\/v2\/pages\/33\/revisions"}],"predecessor-version":[{"id":2109,"href":"https:\/\/bioazorica.pt\/en\/wp-json\/wp\/v2\/pages\/33\/revisions\/2109"}],"wp:attachment":[{"href":"https:\/\/bioazorica.pt\/en\/wp-json\/wp\/v2\/media?parent=33"}],"curies":[{"name":"wp","href":"https:\/\/api.w.org\/{rel}","templated":true}]}}